{"id":46,"date":"2024-10-04T09:49:44","date_gmt":"2024-10-04T09:49:44","guid":{"rendered":"https:\/\/cmsbh.ro\/?page_id=46"},"modified":"2024-10-07T09:54:01","modified_gmt":"2024-10-07T09:54:01","slug":"pentru-pacienti","status":"publish","type":"page","link":"https:\/\/cmsbh.ro\/index.php\/pentru-pacienti\/","title":{"rendered":"Pentru pacien\u021bi"},"content":{"rendered":"<p>[et_pb_section fb_built=&#8221;1&#8243; admin_label=&#8221;section&#8221; _builder_version=&#8221;4.27.2&#8243; background_color=&#8221;gcid-primary-color&#8221; custom_padding=&#8221;0px||0px||false|false&#8221; hover_enabled=&#8221;0&#8243; locked=&#8221;off&#8221; global_colors_info=&#8221;{%22gcid-primary-color%22:%91%22background_color%22%93}&#8221; custom_padding_last_edited=&#8221;on|tablet&#8221; custom_padding_tablet=&#8221;20px|20px|20px|20px|false|false&#8221; sticky_enabled=&#8221;0&#8243; custom_padding_phone=&#8221;20px|20px|20px|20px|false|false&#8221;][et_pb_row column_structure=&#8221;1_2,1_2&#8243; _builder_version=&#8221;4.27.2&#8243; _module_preset=&#8221;default&#8221; width=&#8221;100%&#8221; max_width=&#8221;100%&#8221; custom_padding=&#8221;0px||0px||false|false&#8221; hover_enabled=&#8221;0&#8243; custom_css_main_element=&#8221;display: flex;||align-items: center;&#8221; global_colors_info=&#8221;{}&#8221; custom_css_main_element_last_edited=&#8221;on|desktop&#8221; custom_css_main_element_tablet=&#8221;display: flex;||align-items: center;&#8221; custom_css_main_element_phone=&#8221;display: flex;||align-items: center;&#8221; sticky_enabled=&#8221;0&#8243; custom_padding_last_edited=&#8221;on|tablet&#8221; custom_margin_last_edited=&#8221;on|tablet&#8221; custom_margin_tablet=&#8221;0px||0px||false|false&#8221; custom_padding_tablet=&#8221;0px||0px||false|false&#8221; custom_padding_phone=&#8221;0px||0px||false|false&#8221; custom_margin_phone=&#8221;0px||0px||false|false&#8221;][et_pb_column type=&#8221;1_2&#8243; _builder_version=&#8221;4.27.2&#8243; _module_preset=&#8221;default&#8221; background_enable_image=&#8221;off&#8221; custom_css_main_element=&#8221;display: flex;||align-items: center;&#8221; global_colors_info=&#8221;{}&#8221; custom_css_main_element_last_edited=&#8221;on|desktop&#8221; custom_css_main_element_tablet=&#8221;display: flex;||align-items: center;&#8221; custom_css_main_element_phone=&#8221;display: flex;||align-items: center;&#8221;][et_pb_image src=&#8221;https:\/\/cmsbh.ro\/wp-content\/uploads\/2024\/10\/pentru_pacienti.jpg&#8221; title_text=&#8221;pentru_pacienti&#8221; _builder_version=&#8221;4.27.2&#8243; _module_preset=&#8221;default&#8221; global_colors_info=&#8221;{}&#8221;][\/et_pb_image][\/et_pb_column][et_pb_column type=&#8221;1_2&#8243; _builder_version=&#8221;4.27.2&#8243; _module_preset=&#8221;default&#8221; custom_padding=&#8221;0px|200px|||false|false&#8221; hover_enabled=&#8221;0&#8243; global_colors_info=&#8221;{}&#8221; custom_css_main_element_last_edited=&#8221;on|desktop&#8221; custom_padding_last_edited=&#8221;on|tablet&#8221; custom_padding_tablet=&#8221;|0px||20px|false|false&#8221; sticky_enabled=&#8221;0&#8243; custom_padding_phone=&#8221;|0px||20px|false|false&#8221;][et_pb_heading title=&#8221;Pentru Colegi&#8221; _builder_version=&#8221;4.27.2&#8243; _module_preset=&#8221;default&#8221; title_font=&#8221;Barlow||||||||&#8221; title_text_color=&#8221;#FFFFFF&#8221; title_font_size=&#8221;56px&#8221; custom_margin=&#8221;0px||0px||false|false&#8221; hover_enabled=&#8221;0&#8243; global_colors_info=&#8221;{}&#8221; title_font_size_last_edited=&#8221;on|tablet&#8221; title_font_size_tablet=&#8221;35px&#8221; sticky_enabled=&#8221;0&#8243; title_font_size_phone=&#8221;25px&#8221; custom_padding=&#8221;0px||||false|false&#8221;][\/et_pb_heading][et_pb_text _builder_version=&#8221;4.27.2&#8243; _module_preset=&#8221;default&#8221; text_font=&#8221;Mulish|300|||||||&#8221; text_text_color=&#8221;#FFFFFF&#8221; text_font_size=&#8221;16px&#8221; text_line_height=&#8221;26px&#8221; locked=&#8221;off&#8221; global_colors_info=&#8221;{}&#8221;]<\/p>\n<p>Informa\u021bii utile<\/p>\n<p>[\/et_pb_text][\/et_pb_column][\/et_pb_row][\/et_pb_section][et_pb_section fb_built=&#8221;1&#8243; _builder_version=&#8221;4.27.2&#8243; _module_preset=&#8221;default&#8221; background_color=&#8221;#FFFFFF&#8221; hover_enabled=&#8221;0&#8243; locked=&#8221;off&#8221; global_colors_info=&#8221;{}&#8221; custom_padding_last_edited=&#8221;on|tablet&#8221; custom_padding_tablet=&#8221;20px|20px|20px|20px|false|false&#8221; sticky_enabled=&#8221;0&#8243; custom_padding_phone=&#8221;20px|20px|20px|20px|false|false&#8221;][et_pb_row column_structure=&#8221;1_2,1_2&#8243; use_custom_gutter=&#8221;on&#8221; gutter_width=&#8221;2&#8243; _builder_version=&#8221;4.27.2&#8243; _module_preset=&#8221;default&#8221; width=&#8221;100%&#8221; max_width=&#8221;1140px&#8221; custom_margin=&#8221;||30px||false|false&#8221; custom_margin_tablet=&#8221;||30px||false|false&#8221; custom_margin_phone=&#8221;||30px||false|false&#8221; custom_margin_last_edited=&#8221;on|desktop&#8221; custom_padding=&#8221;0px||0px||false|false&#8221; global_colors_info=&#8221;{}&#8221;][et_pb_column type=&#8221;1_2&#8243; _builder_version=&#8221;4.27.2&#8243; _module_preset=&#8221;default&#8221; global_colors_info=&#8221;{}&#8221; custom_css_main_element_last_edited=&#8221;on|desktop&#8221;][et_pb_heading title=&#8221;Lista cabinetelor stomatologice din Bihor&#8221; url=&#8221;https:\/\/cmsbh.ro\/index.php\/lista-cabinetelor-stomatologice-din-bihor\/&#8221; _builder_version=&#8221;4.27.2&#8243; _module_preset=&#8221;default&#8221; title_font=&#8221;Barlow||||||||&#8221; title_text_color=&#8221;gcid-primary-color&#8221; title_font_size=&#8221;44px&#8221; title_line_height=&#8221;32px&#8221; custom_margin=&#8221;||0px||false|false&#8221; custom_padding=&#8221;|0px|||false|false&#8221; custom_padding_tablet=&#8221;|0px|||false|false&#8221; custom_padding_phone=&#8221;|0px|||false|false&#8221; custom_padding_last_edited=&#8221;on|desktop&#8221; hover_enabled=&#8221;0&#8243; title_font_size_tablet=&#8221;25px&#8221; title_font_size_phone=&#8221;25px&#8221; title_font_size_last_edited=&#8221;on|desktop&#8221; locked=&#8221;off&#8221; global_colors_info=&#8221;{%22gcid-primary-color%22:%91%22title_text_color%22%93}&#8221; sticky_enabled=&#8221;0&#8243;][\/et_pb_heading][et_pb_text _builder_version=&#8221;4.27.2&#8243; _module_preset=&#8221;default&#8221; text_font_size=&#8221;16px&#8221; custom_margin=&#8221;||0px||false|false&#8221; custom_margin_tablet=&#8221;||0px||false|false&#8221; custom_margin_phone=&#8221;||0px||false|false&#8221; custom_margin_last_edited=&#8221;on|desktop&#8221; locked=&#8221;off&#8221; global_colors_info=&#8221;{}&#8221;]<\/p>\n<div class=\"sppb-article-introtext\">\n<div class=\"sppb-article-introtext\">Lista cabinetelor stomatologice din Bihor\u00a0 &#8230;<\/div>\n<p><a class=\"sppb-readmore\" href=\"https:\/\/cmsbh.ro\/index.php\/lista-cabinetelor-stomatologice-din-bihor\/\" itemprop=\"url\">Cite\u0219te mai mult<\/a><\/div>\n<p>[\/et_pb_text][\/et_pb_column][et_pb_column type=&#8221;1_2&#8243; _builder_version=&#8221;4.27.2&#8243; _module_preset=&#8221;default&#8221; global_colors_info=&#8221;{}&#8221; custom_css_main_element_last_edited=&#8221;on|desktop&#8221;][et_pb_heading title=&#8221;Dic\u021bionare stomatologice&#8221; url=&#8221;https:\/\/cmsbh.ro\/index.php\/dictionare-stomatologice\/&#8221; _builder_version=&#8221;4.27.2&#8243; _module_preset=&#8221;default&#8221; title_font=&#8221;Barlow||||||||&#8221; title_text_color=&#8221;gcid-primary-color&#8221; title_font_size=&#8221;44px&#8221; title_line_height=&#8221;32px&#8221; custom_margin=&#8221;||0px||false|false&#8221; custom_padding=&#8221;|0px|||false|false&#8221; custom_padding_tablet=&#8221;|0px|||false|false&#8221; custom_padding_phone=&#8221;|0px|||false|false&#8221; custom_padding_last_edited=&#8221;on|desktop&#8221; title_font_size_tablet=&#8221;25px&#8221; title_font_size_phone=&#8221;25px&#8221; title_font_size_last_edited=&#8221;on|desktop&#8221; locked=&#8221;off&#8221; global_colors_info=&#8221;{%22gcid-primary-color%22:%91%22title_text_color%22,%22title_text_color%22,%22title_text_color%22%93}&#8221;][\/et_pb_heading][et_pb_text _builder_version=&#8221;4.27.2&#8243; _module_preset=&#8221;default&#8221; text_font_size=&#8221;16px&#8221; custom_margin=&#8221;||0px||false|false&#8221; custom_margin_tablet=&#8221;||0px||false|false&#8221; custom_margin_phone=&#8221;||0px||false|false&#8221; custom_margin_last_edited=&#8221;on|desktop&#8221; locked=&#8221;off&#8221; global_colors_info=&#8221;{}&#8221;]<\/p>\n<div class=\"sppb-article-introtext\">\n<div class=\"sppb-article-introtext\">&#8230;<\/div>\n<p><a class=\"sppb-readmore\" href=\"https:\/\/cmsbh.ro\/index.php\/dictionare-stomatologice\/\" itemprop=\"url\">Cite\u0219te mai mult<\/a><\/p>\n<\/div>\n<p>[\/et_pb_text][\/et_pb_column][\/et_pb_row][et_pb_row column_structure=&#8221;1_2,1_2&#8243; use_custom_gutter=&#8221;on&#8221; gutter_width=&#8221;2&#8243; _builder_version=&#8221;4.27.2&#8243; _module_preset=&#8221;default&#8221; width=&#8221;100%&#8221; max_width=&#8221;1140px&#8221; custom_margin=&#8221;||30px||false|false&#8221; custom_margin_tablet=&#8221;||30px||false|false&#8221; custom_margin_phone=&#8221;||30px||false|false&#8221; custom_margin_last_edited=&#8221;on|desktop&#8221; custom_padding=&#8221;0px||0px||false|false&#8221; global_colors_info=&#8221;{}&#8221;][et_pb_column type=&#8221;1_2&#8243; _builder_version=&#8221;4.27.2&#8243; _module_preset=&#8221;default&#8221; global_colors_info=&#8221;{}&#8221; custom_css_main_element_last_edited=&#8221;on|desktop&#8221;][et_pb_heading title=&#8221;Drepturile \u0219i obliga\u021biile pacien\u021bilor&#8221; url=&#8221;https:\/\/cmsbh.ro\/index.php\/drepturile-si-obligatiile-pacientilor\/&#8221; _builder_version=&#8221;4.27.2&#8243; _module_preset=&#8221;default&#8221; title_font=&#8221;Barlow||||||||&#8221; title_text_color=&#8221;gcid-primary-color&#8221; title_font_size=&#8221;44px&#8221; title_line_height=&#8221;32px&#8221; custom_margin=&#8221;||0px||false|false&#8221; custom_padding=&#8221;|0px|||false|false&#8221; custom_padding_tablet=&#8221;|0px|||false|false&#8221; custom_padding_phone=&#8221;|0px|||false|false&#8221; custom_padding_last_edited=&#8221;on|desktop&#8221; title_font_size_tablet=&#8221;25px&#8221; title_font_size_phone=&#8221;25px&#8221; title_font_size_last_edited=&#8221;on|desktop&#8221; locked=&#8221;off&#8221; global_colors_info=&#8221;{%22gcid-primary-color%22:%91%22title_text_color%22,%22title_text_color%22,%22title_text_color%22%93}&#8221;][\/et_pb_heading][et_pb_text _builder_version=&#8221;4.27.2&#8243; _module_preset=&#8221;default&#8221; text_font_size=&#8221;16px&#8221; custom_margin=&#8221;||0px||false|false&#8221; custom_margin_tablet=&#8221;||0px||false|false&#8221; custom_margin_phone=&#8221;||0px||false|false&#8221; custom_margin_last_edited=&#8221;on|desktop&#8221; locked=&#8221;off&#8221; global_colors_info=&#8221;{}&#8221;]<\/p>\n<div class=\"sppb-article-introtext\">\n<div class=\"sppb-article-introtext\">\n<div class=\"sppb-article-introtext\">1. Legea drepturilor pacientuluiEmitent: ParlamentulPublicata in: Monitorul Oficial Nr. din 51 din 29 ianuarie 2003Parlamentul Romaniei adopta prezenta lege. &#8230;<\/div>\n<p><a class=\"sppb-readmore\" href=\"https:\/\/cmsbh.ro\/index.php\/drepturile-si-obligatiile-pacientilor\/\" itemprop=\"url\">Cite\u0219te mai mult<\/a><\/div>\n<\/div>\n<p>[\/et_pb_text][\/et_pb_column][et_pb_column type=&#8221;1_2&#8243; _builder_version=&#8221;4.27.2&#8243; _module_preset=&#8221;default&#8221; global_colors_info=&#8221;{}&#8221; custom_css_main_element_last_edited=&#8221;on|desktop&#8221;][et_pb_heading title=&#8221;Tehnici \u0219i proceduri dentare&#8221; url=&#8221;https:\/\/cmsbh.ro\/index.php\/tehnici-si-proceduri-dentare\/&#8221; _builder_version=&#8221;4.27.2&#8243; _module_preset=&#8221;default&#8221; title_font=&#8221;Barlow||||||||&#8221; title_text_color=&#8221;gcid-primary-color&#8221; title_font_size=&#8221;44px&#8221; title_line_height=&#8221;32px&#8221; custom_margin=&#8221;||0px||false|false&#8221; custom_padding=&#8221;|0px|||false|false&#8221; custom_padding_tablet=&#8221;|0px|||false|false&#8221; custom_padding_phone=&#8221;|0px|||false|false&#8221; custom_padding_last_edited=&#8221;on|desktop&#8221; title_font_size_tablet=&#8221;25px&#8221; title_font_size_phone=&#8221;25px&#8221; title_font_size_last_edited=&#8221;on|desktop&#8221; locked=&#8221;off&#8221; global_colors_info=&#8221;{%22gcid-primary-color%22:%91%22title_text_color%22,%22title_text_color%22,%22title_text_color%22%93}&#8221;][\/et_pb_heading][et_pb_text _builder_version=&#8221;4.27.2&#8243; _module_preset=&#8221;default&#8221; text_font_size=&#8221;16px&#8221; custom_margin=&#8221;||0px||false|false&#8221; custom_margin_tablet=&#8221;||0px||false|false&#8221; custom_margin_phone=&#8221;||0px||false|false&#8221; custom_margin_last_edited=&#8221;on|desktop&#8221; locked=&#8221;off&#8221; global_colors_info=&#8221;{}&#8221;]<\/p>\n<div class=\"sppb-article-introtext\">\n<div class=\"sppb-article-introtext\">\n<div class=\"sppb-article-introtext\">Informa\u021bii utile depre tehnici \u0219i proceduri dentare&#8230;.<\/div>\n<p><a class=\"sppb-readmore\" href=\"https:\/\/cmsbh.ro\/index.php\/tehnici-si-proceduri-dentare\/\" itemprop=\"url\">Cite\u0219te mai mult<\/a><\/div>\n<\/div>\n<p>[\/et_pb_text][\/et_pb_column][\/et_pb_row][et_pb_row column_structure=&#8221;1_2,1_2&#8243; use_custom_gutter=&#8221;on&#8221; gutter_width=&#8221;2&#8243; _builder_version=&#8221;4.27.2&#8243; _module_preset=&#8221;default&#8221; width=&#8221;100%&#8221; max_width=&#8221;1140px&#8221; custom_margin=&#8221;||30px||false|false&#8221; custom_margin_tablet=&#8221;||30px||false|false&#8221; custom_margin_phone=&#8221;||30px||false|false&#8221; custom_margin_last_edited=&#8221;on|desktop&#8221; custom_padding=&#8221;0px||0px||false|false&#8221; global_colors_info=&#8221;{}&#8221;][et_pb_column type=&#8221;1_2&#8243; _builder_version=&#8221;4.27.2&#8243; _module_preset=&#8221;default&#8221; global_colors_info=&#8221;{}&#8221; custom_css_main_element_last_edited=&#8221;on|desktop&#8221;][et_pb_heading title=&#8221;Sfaturi de igiena oral\u0103&#8221; url=&#8221;https:\/\/cmsbh.ro\/index.php\/sfaturi-de-igiena-orala\/&#8221; _builder_version=&#8221;4.27.2&#8243; _module_preset=&#8221;default&#8221; title_font=&#8221;Barlow||||||||&#8221; title_text_color=&#8221;gcid-primary-color&#8221; title_font_size=&#8221;44px&#8221; title_line_height=&#8221;32px&#8221; custom_margin=&#8221;||0px||false|false&#8221; custom_padding=&#8221;|0px|||false|false&#8221; custom_padding_tablet=&#8221;|0px|||false|false&#8221; custom_padding_phone=&#8221;|0px|||false|false&#8221; custom_padding_last_edited=&#8221;on|desktop&#8221; title_font_size_tablet=&#8221;25px&#8221; title_font_size_phone=&#8221;25px&#8221; title_font_size_last_edited=&#8221;on|desktop&#8221; locked=&#8221;off&#8221; global_colors_info=&#8221;{%22gcid-primary-color%22:%91%22title_text_color%22,%22title_text_color%22,%22title_text_color%22%93}&#8221;][\/et_pb_heading][et_pb_text _builder_version=&#8221;4.27.2&#8243; _module_preset=&#8221;default&#8221; text_font_size=&#8221;16px&#8221; custom_margin=&#8221;||0px||false|false&#8221; custom_margin_tablet=&#8221;||0px||false|false&#8221; custom_margin_phone=&#8221;||0px||false|false&#8221; custom_margin_last_edited=&#8221;on|desktop&#8221; locked=&#8221;off&#8221; global_colors_info=&#8221;{}&#8221;]<\/p>\n<div class=\"sppb-article-introtext\">\n<div class=\"sppb-article-introtext\">\n<div class=\"sppb-article-introtext\">V\u0103 recomand\u0103m s\u0103 citi\u021bi: Sfaturi de igiena oral\u0103&#8230;<\/div>\n<p><a class=\"sppb-readmore\" href=\"https:\/\/cmsbh.ro\/index.php\/sfaturi-de-igiena-orala\/\" itemprop=\"url\">Cite\u0219te mai mult<\/a><\/div>\n<\/div>\n<p>[\/et_pb_text][\/et_pb_column][et_pb_column type=&#8221;1_2&#8243; _builder_version=&#8221;4.27.2&#8243; _module_preset=&#8221;default&#8221; global_colors_info=&#8221;{}&#8221; custom_css_main_element_last_edited=&#8221;on|desktop&#8221;][et_pb_heading title=&#8221;Pentru un tratament de succes&#8221; url=&#8221;https:\/\/cmsbh.ro\/index.php\/pentru-un-tratament-de-succes\/&#8221; _builder_version=&#8221;4.27.2&#8243; _module_preset=&#8221;default&#8221; title_font=&#8221;Barlow||||||||&#8221; title_text_color=&#8221;gcid-primary-color&#8221; title_font_size=&#8221;44px&#8221; title_line_height=&#8221;32px&#8221; custom_margin=&#8221;||0px||false|false&#8221; custom_padding=&#8221;|0px|||false|false&#8221; custom_padding_tablet=&#8221;|0px|||false|false&#8221; custom_padding_phone=&#8221;|0px|||false|false&#8221; custom_padding_last_edited=&#8221;on|desktop&#8221; title_font_size_tablet=&#8221;25px&#8221; title_font_size_phone=&#8221;25px&#8221; title_font_size_last_edited=&#8221;on|desktop&#8221; locked=&#8221;off&#8221; global_colors_info=&#8221;{%22gcid-primary-color%22:%91%22title_text_color%22,%22title_text_color%22,%22title_text_color%22%93}&#8221;][\/et_pb_heading][et_pb_text _builder_version=&#8221;4.27.2&#8243; _module_preset=&#8221;default&#8221; text_font_size=&#8221;16px&#8221; custom_margin=&#8221;||0px||false|false&#8221; locked=&#8221;off&#8221; global_colors_info=&#8221;{%22gcid-primary-color%22:%91%22title_text_color%22%93}&#8221; title_font=&#8221;Barlow||||||||&#8221; title_text_color=&#8221;gcid-primary-color&#8221; title_font_size=&#8221;44px&#8221; title_font_size_tablet=&#8221;25px&#8221; title_font_size_phone=&#8221;44px&#8221; title_font_size_last_edited=&#8221;on|desktop&#8221; title_line_height=&#8221;32px&#8221; custom_padding=&#8221;|0px|||false|false&#8221; custom_padding_tablet=&#8221;|0px|||false|false&#8221; custom_padding_phone=&#8221;|0px|||false|false&#8221; custom_padding_last_edited=&#8221;on|desktop&#8221;]<\/p>\n<div class=\"sppb-article-introtext\">\n<div class=\"sppb-article-introtext\">\u00cen cabinetele lor, medicii denti\u0219ti se str\u0103duie s\u0103 ofere servicii medicale care respect\u0103 exigen\u0163ele actuale ale medicinei \u00een privin\u0163a manoperei, a materialelor \u015fi a igienei, la tarife de c\u00e2teva ori ma&#8230;<\/div>\n<p><a class=\"sppb-readmore\" href=\"https:\/\/cmsbh.ro\/index.php\/pentru-un-tratament-de-succes\/\" itemprop=\"url\">Cite\u0219te mai mult<\/a><\/div>\n<p>[\/et_pb_text][\/et_pb_column][\/et_pb_row][\/et_pb_section]<\/p>\n","protected":false},"excerpt":{"rendered":"<p>Informa\u021bii utile Lista cabinetelor stomatologice din Bihor\u00a0 &#8230; Cite\u0219te mai mult &#8230; Cite\u0219te mai mult 1. Legea drepturilor pacientuluiEmitent: ParlamentulPublicata in: Monitorul Oficial Nr. din 51 din 29 ianuarie 2003Parlamentul Romaniei adopta prezenta lege. &#8230; Cite\u0219te mai mult Informa\u021bii utile depre tehnici \u0219i proceduri dentare&#8230;. Cite\u0219te mai mult V\u0103 recomand\u0103m s\u0103 citi\u021bi: Sfaturi de igiena oral\u0103&#8230; Cite\u0219te mai mult \u00cen cabinetele lor, medicii denti\u0219ti se str\u0103duie s\u0103 ofere servicii medicale care respect\u0103 exigen\u0163ele actuale ale medicinei \u00een privin\u0163a manoperei, a materialelor \u015fi a igienei, la tarife de c\u00e2teva ori ma&#8230; Cite\u0219te mai mult<\/p>\n","protected":false},"author":1,"featured_media":0,"parent":0,"menu_order":0,"comment_status":"closed","ping_status":"closed","template":"","meta":{"_et_pb_use_builder":"on","_et_pb_old_content":"<!-- wp:divi\/placeholder \/-->","_et_gb_content_width":"","footnotes":""},"class_list":["post-46","page","type-page","status-publish","hentry"],"_links":{"self":[{"href":"https:\/\/cmsbh.ro\/index.php\/wp-json\/wp\/v2\/pages\/46","targetHints":{"allow":["GET"]}}],"collection":[{"href":"https:\/\/cmsbh.ro\/index.php\/wp-json\/wp\/v2\/pages"}],"about":[{"href":"https:\/\/cmsbh.ro\/index.php\/wp-json\/wp\/v2\/types\/page"}],"author":[{"embeddable":true,"href":"https:\/\/cmsbh.ro\/index.php\/wp-json\/wp\/v2\/users\/1"}],"replies":[{"embeddable":true,"href":"https:\/\/cmsbh.ro\/index.php\/wp-json\/wp\/v2\/comments?post=46"}],"version-history":[{"count":6,"href":"https:\/\/cmsbh.ro\/index.php\/wp-json\/wp\/v2\/pages\/46\/revisions"}],"predecessor-version":[{"id":366,"href":"https:\/\/cmsbh.ro\/index.php\/wp-json\/wp\/v2\/pages\/46\/revisions\/366"}],"wp:attachment":[{"href":"https:\/\/cmsbh.ro\/index.php\/wp-json\/wp\/v2\/media?parent=46"}],"curies":[{"name":"wp","href":"https:\/\/api.w.org\/{rel}","templated":true}]}}