{"id":44,"date":"2024-10-04T09:48:27","date_gmt":"2024-10-04T09:48:27","guid":{"rendered":"https:\/\/cmsbh.ro\/?page_id=44"},"modified":"2024-10-06T10:24:30","modified_gmt":"2024-10-06T10:24:30","slug":"formulare-utile-in-cabinet","status":"publish","type":"page","link":"https:\/\/cmsbh.ro\/index.php\/pentru-colegi\/formulare-utile-in-cabinet\/","title":{"rendered":"Formulare utile \u00een cabinet"},"content":{"rendered":"<p>[et_pb_section fb_built=&#8221;1&#8243; _builder_version=&#8221;4.27.2&#8243; _module_preset=&#8221;default&#8221; background_color=&#8221;gcid-primary-color&#8221; hover_enabled=&#8221;0&#8243; global_colors_info=&#8221;{%22gcid-primary-color%22:%91%22background_color%22%93}&#8221; locked=&#8221;off&#8221; theme_builder_area=&#8221;post_content&#8221; custom_padding=&#8221;70px|20px|70px|20px|false|false&#8221; sticky_enabled=&#8221;0&#8243; custom_padding_last_edited=&#8221;on|phone&#8221; custom_padding_tablet=&#8221;40px||40px||false|false&#8221; custom_padding_phone=&#8221;40px||40px||false|false&#8221;][et_pb_row _builder_version=&#8221;4.27.2&#8243; _module_preset=&#8221;default&#8221; width=&#8221;100%&#8221; max_width=&#8221;1140px&#8221; hover_enabled=&#8221;0&#8243; global_colors_info=&#8221;{}&#8221; theme_builder_area=&#8221;post_content&#8221; sticky_enabled=&#8221;0&#8243; custom_padding=&#8221;0px|0px|0px||false|false&#8221; custom_margin=&#8221;||||false|false&#8221;][et_pb_column type=&#8221;4_4&#8243; _builder_version=&#8221;4.27.2&#8243; _module_preset=&#8221;default&#8221; hover_enabled=&#8221;0&#8243; global_colors_info=&#8221;{}&#8221; theme_builder_area=&#8221;post_content&#8221; sticky_enabled=&#8221;0&#8243;][et_pb_blurb title=&#8221;@ET-DC@eyJkeW5hbWljIjp0cnVlLCJjb250ZW50IjoicG9zdF90aXRsZSIsInNldHRpbmdzIjp7ImJlZm9yZSI6IiIsImFmdGVyIjoiIn19@&#8221; content_max_width=&#8221;100%&#8221; _builder_version=&#8221;4.27.2&#8243; _module_preset=&#8221;default&#8221; header_font=&#8221;Barlow||||||||&#8221; header_text_align=&#8221;left&#8221; header_text_color=&#8221;#FFFFFF&#8221; header_font_size=&#8221;56px&#8221; header_line_height=&#8221;68px&#8221; body_text_color=&#8221;#f9f8f7&#8243; body_font_size=&#8221;18px&#8221; width=&#8221;100%&#8221; module_alignment=&#8221;left&#8221; custom_margin=&#8221;|0px|||false|false&#8221; custom_margin_tablet=&#8221;||||false|false&#8221; custom_margin_phone=&#8221;||||false|false&#8221; custom_margin_last_edited=&#8221;on|desktop&#8221; custom_padding=&#8221;|0px||0px|false|false&#8221; hover_enabled=&#8221;0&#8243; global_colors_info=&#8221;{}&#8221; theme_builder_area=&#8221;post_content&#8221; header_font_size_last_edited=&#8221;on|phone&#8221; sticky_enabled=&#8221;0&#8243; header_font_size_tablet=&#8221;30px&#8221; header_font_size_phone=&#8221;25px&#8221; header_line_height_last_edited=&#8221;on|desktop&#8221; header_line_height_phone=&#8221;33.6px&#8221; header_line_height_tablet=&#8221;34px&#8221; _dynamic_attributes=&#8221;title&#8221; width_last_edited=&#8221;on|desktop&#8221; width_tablet=&#8221;100%&#8221; width_phone=&#8221;100%&#8221;][\/et_pb_blurb][\/et_pb_column][\/et_pb_row][\/et_pb_section][et_pb_section fb_built=&#8221;1&#8243; theme_builder_area=&#8221;post_content&#8221; _builder_version=&#8221;4.27.2&#8243; _module_preset=&#8221;default&#8221; custom_padding=&#8221;70px|20px|70px|20px|false|false&#8221; hover_enabled=&#8221;0&#8243; sticky_enabled=&#8221;0&#8243; custom_padding_last_edited=&#8221;on|tablet&#8221; custom_padding_tablet=&#8221;20px||20px||false|false&#8221; locked=&#8221;off&#8221; custom_padding_phone=&#8221;20px||20px||false|false&#8221;][et_pb_row _builder_version=&#8221;4.27.2&#8243; _module_preset=&#8221;default&#8221; theme_builder_area=&#8221;post_content&#8221; column_structure=&#8221;2_3,1_3&#8243; hover_enabled=&#8221;0&#8243; sticky_enabled=&#8221;0&#8243; use_custom_gutter=&#8221;on&#8221; gutter_width=&#8221;1&#8243; max_width=&#8221;1140px&#8221; custom_padding=&#8221;0px||0px||false|false&#8221; width=&#8221;100%&#8221; width_last_edited=&#8221;on|phone&#8221; width_tablet=&#8221;100%&#8221; width_phone=&#8221;100%&#8221;][et_pb_column _builder_version=&#8221;4.27.2&#8243; _module_preset=&#8221;default&#8221; type=&#8221;2_3&#8243; theme_builder_area=&#8221;post_content&#8221; custom_padding=&#8221;|20px|||false|false&#8221; hover_enabled=&#8221;0&#8243; sticky_enabled=&#8221;0&#8243; custom_padding_last_edited=&#8221;on|phone&#8221; custom_padding_tablet=&#8221;|0px|30px||false|false&#8221; custom_padding_phone=&#8221;|0px|30px||false|false&#8221;][et_pb_text _builder_version=&#8221;4.27.2&#8243; _module_preset=&#8221;default&#8221; theme_builder_area=&#8221;post_content&#8221; text_font=&#8221;&#8211;et_global_body_font||||||||&#8221; text_font_size=&#8221;16px&#8221; text_text_color=&#8221;#595959&#8243; text_line_height=&#8221;26px&#8221; hover_enabled=&#8221;0&#8243; sticky_enabled=&#8221;0&#8243; header_3_line_height=&#8221;1.6em&#8221; header_4_line_height=&#8221;1.7em&#8221; header_4_line_height_last_edited=&#8221;on|phone&#8221; header_4_line_height_phone=&#8221;1.5em&#8221; header_3_line_height_last_edited=&#8221;on|desktop&#8221; header_4_line_height_tablet=&#8221;1.7em&#8221; header_3_line_height_tablet=&#8221;1.6em&#8221; header_3_line_height_phone=&#8221;1.6em&#8221;]<\/p>\n<p><span>V\u0103 punem la dispozi\u021bie\u00a0<\/span><em>modele orientative ( cu exceptia acordului informat care este standard si obligatoriu)\u00a0<\/em><span>ale unor formulare necesare \u00een cabinet:<\/span><\/p>\n<ul>\n<li>fisa de tratament stomatologic,<\/li>\n<li>fisa parodontala,<\/li>\n<li>indicatii pentru pacient dup\u0103 extractie,<\/li>\n<li>indicatii pentru pacient dup\u0103 rezectie,<\/li>\n<li>chestionar anamnestic pentru pacienti,\u00a0elaborat si aprobat de CMDR,<\/li>\n<li>acordul informat al pacientului,<\/li>\n<li>adeverinta medicala,<\/li>\n<li>scrisoare medicala,<\/li>\n<li>bilet de trimitere,<\/li>\n<li>chestionar COVID-19.<\/li>\n<\/ul>\n<p>[\/et_pb_text][\/et_pb_column][et_pb_column _builder_version=&#8221;4.27.2&#8243; _module_preset=&#8221;default&#8221; type=&#8221;1_3&#8243; theme_builder_area=&#8221;post_content&#8221; background_color=&#8221;#f3f8fe&#8221; hover_enabled=&#8221;0&#8243; sticky_enabled=&#8221;0&#8243; custom_padding=&#8221;30px|30px|30px|30px|false|false&#8221; custom_padding_last_edited=&#8221;on|tablet&#8221; custom_padding_phone=&#8221;15px|15px|15px|15px|false|false&#8221; custom_padding_tablet=&#8221;20px|20px|20px|20px|false|false&#8221;][et_pb_heading title=&#8221;Formulare&#8221; _builder_version=&#8221;4.27.2&#8243; _module_preset=&#8221;default&#8221; title_font=&#8221;Barlow||||||||&#8221; title_font_size=&#8221;44px&#8221; title_line_height=&#8221;56px&#8221; custom_margin=&#8221;||11px|||&#8221; custom_padding=&#8221;|0px|||false|false&#8221; custom_padding_tablet=&#8221;|100px|||false|false&#8221; custom_padding_phone=&#8221;|100px|||false|false&#8221; custom_padding_last_edited=&#8221;on|desktop&#8221; hover_enabled=&#8221;0&#8243; title_font_size_tablet=&#8221;30px&#8221; title_font_size_phone=&#8221;30px&#8221; title_font_size_last_edited=&#8221;on|phone&#8221; locked=&#8221;off&#8221; global_colors_info=&#8221;{}&#8221; theme_builder_area=&#8221;post_content&#8221; sticky_enabled=&#8221;0&#8243; title_text_align=&#8221;left&#8221;][\/et_pb_heading][et_pb_button button_text=&#8221;Fi\u0219\u0103 de tratament&#8221; _builder_version=&#8221;4.27.2&#8243; _module_preset=&#8221;default&#8221; theme_builder_area=&#8221;post_content&#8221; button_alignment=&#8221;left&#8221; custom_button=&#8221;on&#8221; button_text_size=&#8221;14px&#8221; global_colors_info=&#8221;{%22gcid-primary-color%22:%91%22button_text_color%22%93}&#8221; button_text_color=&#8221;gcid-primary-color&#8221; button_bg_color=&#8221;#FFFFFF&#8221; button_bg_enable_color=&#8221;on&#8221; button_border_width=&#8221;1px&#8221; button_border_color=&#8221;#f7f7f7&#8243; button_font=&#8221;&#8211;et_global_body_font||||||||&#8221; button_use_icon=&#8221;off&#8221; custom_padding=&#8221;10px|20px|10px|20px|false|false&#8221; hover_enabled=&#8221;0&#8243; sticky_enabled=&#8221;0&#8243; button_url=&#8221;https:\/\/cmsbh.ro\/wp-content\/uploads\/2024\/10\/fisa_stoma_.pdf&#8221; custom_margin=&#8221;||12px||false|false&#8221;][\/et_pb_button][et_pb_button button_text=&#8221;Fi\u0219\u0103 parodontal\u0103&#8221; _builder_version=&#8221;4.27.2&#8243; _module_preset=&#8221;default&#8221; theme_builder_area=&#8221;post_content&#8221; button_alignment=&#8221;left&#8221; custom_button=&#8221;on&#8221; button_text_size=&#8221;14px&#8221; global_colors_info=&#8221;{%22gcid-primary-color%22:%91%22button_text_color%22%93}&#8221; button_text_color=&#8221;gcid-primary-color&#8221; button_bg_color=&#8221;#FFFFFF&#8221; button_bg_enable_color=&#8221;on&#8221; button_border_width=&#8221;1px&#8221; button_border_color=&#8221;#f7f7f7&#8243; button_font=&#8221;&#8211;et_global_body_font||||||||&#8221; button_use_icon=&#8221;off&#8221; custom_padding=&#8221;10px|20px|10px|20px|false|false&#8221; hover_enabled=&#8221;0&#8243; sticky_enabled=&#8221;0&#8243; button_url=&#8221;https:\/\/cmsbh.ro\/wp-content\/uploads\/2024\/10\/fisa_parodontala.pdf&#8221; custom_margin=&#8221;||12px||false|false&#8221;][\/et_pb_button][et_pb_button button_text=&#8221;Indica\u021bii dup\u0103 extrac\u021bie&#8221; _builder_version=&#8221;4.27.2&#8243; _module_preset=&#8221;default&#8221; theme_builder_area=&#8221;post_content&#8221; button_alignment=&#8221;left&#8221; custom_button=&#8221;on&#8221; button_text_size=&#8221;14px&#8221; global_colors_info=&#8221;{%22gcid-primary-color%22:%91%22button_text_color%22%93}&#8221; button_text_color=&#8221;gcid-primary-color&#8221; button_bg_color=&#8221;#FFFFFF&#8221; button_bg_enable_color=&#8221;on&#8221; button_border_width=&#8221;1px&#8221; button_border_color=&#8221;#f7f7f7&#8243; button_font=&#8221;&#8211;et_global_body_font||||||||&#8221; button_use_icon=&#8221;off&#8221; custom_padding=&#8221;10px|20px|10px|20px|false|false&#8221; hover_enabled=&#8221;0&#8243; sticky_enabled=&#8221;0&#8243; button_url=&#8221;https:\/\/cmsbh.ro\/wp-content\/uploads\/2024\/10\/indicatii-extractie.doc&#8221; custom_margin=&#8221;||12px||false|false&#8221;][\/et_pb_button][et_pb_button button_text=&#8221;Indica\u021bii dup\u0103 rezec\u021bie&#8221; _builder_version=&#8221;4.27.2&#8243; _module_preset=&#8221;default&#8221; theme_builder_area=&#8221;post_content&#8221; button_alignment=&#8221;left&#8221; custom_button=&#8221;on&#8221; button_text_size=&#8221;14px&#8221; global_colors_info=&#8221;{%22gcid-primary-color%22:%91%22button_text_color%22%93}&#8221; button_text_color=&#8221;gcid-primary-color&#8221; button_bg_color=&#8221;#FFFFFF&#8221; button_bg_enable_color=&#8221;on&#8221; button_border_width=&#8221;1px&#8221; button_border_color=&#8221;#f7f7f7&#8243; button_font=&#8221;&#8211;et_global_body_font||||||||&#8221; button_use_icon=&#8221;off&#8221; custom_padding=&#8221;10px|20px|10px|20px|false|false&#8221; hover_enabled=&#8221;0&#8243; sticky_enabled=&#8221;0&#8243; button_url=&#8221;https:\/\/cmsbh.ro\/wp-content\/uploads\/2024\/10\/indicatii-rezectie.pdf&#8221; custom_margin=&#8221;||12px||false|false&#8221;][\/et_pb_button][et_pb_button button_text=&#8221;Chestionar anamnestic&#8221; _builder_version=&#8221;4.27.2&#8243; _module_preset=&#8221;default&#8221; theme_builder_area=&#8221;post_content&#8221; button_alignment=&#8221;left&#8221; custom_button=&#8221;on&#8221; button_text_size=&#8221;14px&#8221; global_colors_info=&#8221;{%22gcid-primary-color%22:%91%22button_text_color%22%93}&#8221; button_text_color=&#8221;gcid-primary-color&#8221; button_bg_color=&#8221;#FFFFFF&#8221; button_bg_enable_color=&#8221;on&#8221; button_border_width=&#8221;1px&#8221; button_border_color=&#8221;#f7f7f7&#8243; button_font=&#8221;&#8211;et_global_body_font||||||||&#8221; button_use_icon=&#8221;off&#8221; custom_padding=&#8221;10px|20px|10px|20px|false|false&#8221; hover_enabled=&#8221;0&#8243; sticky_enabled=&#8221;0&#8243; button_url=&#8221;https:\/\/cmsbh.ro\/wp-content\/uploads\/2024\/10\/chestionar-anamneza-pacienti.pdf&#8221; custom_margin=&#8221;||12px||false|false&#8221;][\/et_pb_button][et_pb_button button_text=&#8221;Acordul informat&#8221; _builder_version=&#8221;4.27.2&#8243; _module_preset=&#8221;default&#8221; theme_builder_area=&#8221;post_content&#8221; button_alignment=&#8221;left&#8221; custom_button=&#8221;on&#8221; button_text_size=&#8221;14px&#8221; global_colors_info=&#8221;{%22gcid-primary-color%22:%91%22button_text_color%22%93}&#8221; button_text_color=&#8221;gcid-primary-color&#8221; button_bg_color=&#8221;#FFFFFF&#8221; button_bg_enable_color=&#8221;on&#8221; button_border_width=&#8221;1px&#8221; button_border_color=&#8221;#f7f7f7&#8243; button_font=&#8221;&#8211;et_global_body_font||||||||&#8221; button_use_icon=&#8221;off&#8221; custom_padding=&#8221;10px|20px|10px|20px|false|false&#8221; hover_enabled=&#8221;0&#8243; sticky_enabled=&#8221;0&#8243; button_url=&#8221;https:\/\/cmsbh.ro\/wp-content\/uploads\/2024\/10\/acord_informat_nou-1.doc&#8221; custom_margin=&#8221;||12px||false|false&#8221;][\/et_pb_button][et_pb_button button_text=&#8221;Adeverin\u021b\u0103 medical\u0103&#8221; _builder_version=&#8221;4.27.2&#8243; _module_preset=&#8221;default&#8221; theme_builder_area=&#8221;post_content&#8221; button_alignment=&#8221;left&#8221; custom_button=&#8221;on&#8221; button_text_size=&#8221;14px&#8221; global_colors_info=&#8221;{%22gcid-primary-color%22:%91%22button_text_color%22%93}&#8221; button_text_color=&#8221;gcid-primary-color&#8221; button_bg_color=&#8221;#FFFFFF&#8221; button_bg_enable_color=&#8221;on&#8221; button_border_width=&#8221;1px&#8221; button_border_color=&#8221;#f7f7f7&#8243; button_font=&#8221;&#8211;et_global_body_font||||||||&#8221; button_use_icon=&#8221;off&#8221; custom_padding=&#8221;10px|20px|10px|20px|false|false&#8221; hover_enabled=&#8221;0&#8243; sticky_enabled=&#8221;0&#8243; button_url=&#8221;https:\/\/cmsbh.ro\/wp-content\/uploads\/2024\/10\/adeverinta-medicala.jpg&#8221; custom_margin=&#8221;||12px||false|false&#8221;][\/et_pb_button][et_pb_button button_text=&#8221;Scrisoare medical\u0103&#8221; _builder_version=&#8221;4.27.2&#8243; _module_preset=&#8221;default&#8221; theme_builder_area=&#8221;post_content&#8221; button_alignment=&#8221;left&#8221; custom_button=&#8221;on&#8221; button_text_size=&#8221;14px&#8221; global_colors_info=&#8221;{%22gcid-primary-color%22:%91%22button_text_color%22%93}&#8221; button_text_color=&#8221;gcid-primary-color&#8221; button_bg_color=&#8221;#FFFFFF&#8221; button_bg_enable_color=&#8221;on&#8221; button_border_width=&#8221;1px&#8221; button_border_color=&#8221;#f7f7f7&#8243; button_font=&#8221;&#8211;et_global_body_font||||||||&#8221; button_use_icon=&#8221;off&#8221; custom_padding=&#8221;10px|20px|10px|20px|false|false&#8221; hover_enabled=&#8221;0&#8243; sticky_enabled=&#8221;0&#8243; button_url=&#8221;https:\/\/cmsbh.ro\/wp-content\/uploads\/2024\/10\/scrisoare-medicala.pdf&#8221; custom_margin=&#8221;||12px||false|false&#8221;][\/et_pb_button][et_pb_button button_text=&#8221;Bilet de trimitere&#8221; _builder_version=&#8221;4.27.2&#8243; _module_preset=&#8221;default&#8221; theme_builder_area=&#8221;post_content&#8221; button_alignment=&#8221;left&#8221; custom_button=&#8221;on&#8221; button_text_size=&#8221;14px&#8221; global_colors_info=&#8221;{%22gcid-primary-color%22:%91%22button_text_color%22%93}&#8221; button_text_color=&#8221;gcid-primary-color&#8221; button_bg_color=&#8221;#FFFFFF&#8221; button_bg_enable_color=&#8221;on&#8221; button_border_width=&#8221;1px&#8221; button_border_color=&#8221;#f7f7f7&#8243; button_font=&#8221;&#8211;et_global_body_font||||||||&#8221; button_use_icon=&#8221;off&#8221; custom_padding=&#8221;10px|20px|10px|20px|false|false&#8221; hover_enabled=&#8221;0&#8243; sticky_enabled=&#8221;0&#8243; button_url=&#8221;https:\/\/cmsbh.ro\/wp-content\/uploads\/2024\/10\/bilet-de-trimitere.jpg&#8221; custom_margin=&#8221;||12px||false|false&#8221;][\/et_pb_button][et_pb_button button_text=&#8221;Chestionar COVID-19&#8243; _builder_version=&#8221;4.27.2&#8243; _module_preset=&#8221;default&#8221; theme_builder_area=&#8221;post_content&#8221; button_alignment=&#8221;left&#8221; custom_button=&#8221;on&#8221; button_text_size=&#8221;14px&#8221; global_colors_info=&#8221;{%22gcid-primary-color%22:%91%22button_text_color%22%93}&#8221; button_text_color=&#8221;gcid-primary-color&#8221; button_bg_color=&#8221;#FFFFFF&#8221; button_bg_enable_color=&#8221;on&#8221; button_border_width=&#8221;1px&#8221; button_border_color=&#8221;#f7f7f7&#8243; button_font=&#8221;&#8211;et_global_body_font||||||||&#8221; button_use_icon=&#8221;off&#8221; custom_padding=&#8221;10px|20px|10px|20px|false|false&#8221; hover_enabled=&#8221;0&#8243; sticky_enabled=&#8221;0&#8243; button_url=&#8221;https:\/\/cmsbh.ro\/wp-content\/uploads\/2024\/10\/b11_a1c_2020.03.11_cmsr_chestionar_covid-19.pdf&#8221; custom_margin=&#8221;||12px||false|false&#8221;][\/et_pb_button][\/et_pb_column][\/et_pb_row][\/et_pb_section]<\/p>\n","protected":false},"excerpt":{"rendered":"<p>V\u0103 punem la dispozi\u021bie\u00a0modele orientative ( cu exceptia acordului informat care este standard si obligatoriu)\u00a0ale unor formulare necesare \u00een cabinet: fisa de tratament stomatologic, fisa parodontala, indicatii pentru pacient dup\u0103 extractie, indicatii pentru pacient dup\u0103 rezectie, chestionar anamnestic pentru pacienti,\u00a0elaborat si aprobat de CMDR, acordul informat al pacientului, adeverinta medicala, scrisoare medicala, bilet de trimitere, chestionar COVID-19.<\/p>\n","protected":false},"author":1,"featured_media":0,"parent":17,"menu_order":0,"comment_status":"closed","ping_status":"closed","template":"","meta":{"_et_pb_use_builder":"on","_et_pb_old_content":"<!-- wp:divi\/placeholder \/-->","_et_gb_content_width":"","footnotes":""},"class_list":["post-44","page","type-page","status-publish","hentry"],"_links":{"self":[{"href":"https:\/\/cmsbh.ro\/index.php\/wp-json\/wp\/v2\/pages\/44","targetHints":{"allow":["GET"]}}],"collection":[{"href":"https:\/\/cmsbh.ro\/index.php\/wp-json\/wp\/v2\/pages"}],"about":[{"href":"https:\/\/cmsbh.ro\/index.php\/wp-json\/wp\/v2\/types\/page"}],"author":[{"embeddable":true,"href":"https:\/\/cmsbh.ro\/index.php\/wp-json\/wp\/v2\/users\/1"}],"replies":[{"embeddable":true,"href":"https:\/\/cmsbh.ro\/index.php\/wp-json\/wp\/v2\/comments?post=44"}],"version-history":[{"count":3,"href":"https:\/\/cmsbh.ro\/index.php\/wp-json\/wp\/v2\/pages\/44\/revisions"}],"predecessor-version":[{"id":309,"href":"https:\/\/cmsbh.ro\/index.php\/wp-json\/wp\/v2\/pages\/44\/revisions\/309"}],"up":[{"embeddable":true,"href":"https:\/\/cmsbh.ro\/index.php\/wp-json\/wp\/v2\/pages\/17"}],"wp:attachment":[{"href":"https:\/\/cmsbh.ro\/index.php\/wp-json\/wp\/v2\/media?parent=44"}],"curies":[{"name":"wp","href":"https:\/\/api.w.org\/{rel}","templated":true}]}}