{"id":37,"date":"2024-10-04T09:48:05","date_gmt":"2024-10-04T09:48:05","guid":{"rendered":"https:\/\/cmsbh.ro\/?page_id=37"},"modified":"2024-10-06T09:45:37","modified_gmt":"2024-10-06T09:45:37","slug":"taxe-si-cotizatii","status":"publish","type":"page","link":"https:\/\/cmsbh.ro\/index.php\/pentru-colegi\/taxe-si-cotizatii\/","title":{"rendered":"Taxe \u0219i cotiza\u021bii"},"content":{"rendered":"<p>[et_pb_section fb_built=&#8221;1&#8243; _builder_version=&#8221;4.27.2&#8243; _module_preset=&#8221;default&#8221; background_color=&#8221;gcid-primary-color&#8221; hover_enabled=&#8221;0&#8243; global_colors_info=&#8221;{%22gcid-primary-color%22:%91%22background_color%22%93}&#8221; locked=&#8221;off&#8221; theme_builder_area=&#8221;post_content&#8221; custom_padding=&#8221;70px|20px|70px|20px|false|false&#8221; sticky_enabled=&#8221;0&#8243; custom_padding_last_edited=&#8221;on|phone&#8221; custom_padding_tablet=&#8221;40px||40px||false|false&#8221; custom_padding_phone=&#8221;40px||40px||false|false&#8221;][et_pb_row _builder_version=&#8221;4.27.2&#8243; _module_preset=&#8221;default&#8221; width=&#8221;100%&#8221; max_width=&#8221;1140px&#8221; hover_enabled=&#8221;0&#8243; global_colors_info=&#8221;{}&#8221; theme_builder_area=&#8221;post_content&#8221; sticky_enabled=&#8221;0&#8243; custom_padding=&#8221;0px|0px|0px||false|false&#8221; custom_margin=&#8221;||||false|false&#8221;][et_pb_column type=&#8221;4_4&#8243; _builder_version=&#8221;4.27.2&#8243; _module_preset=&#8221;default&#8221; hover_enabled=&#8221;0&#8243; global_colors_info=&#8221;{}&#8221; theme_builder_area=&#8221;post_content&#8221; sticky_enabled=&#8221;0&#8243;][et_pb_blurb title=&#8221;@ET-DC@eyJkeW5hbWljIjp0cnVlLCJjb250ZW50IjoicG9zdF90aXRsZSIsInNldHRpbmdzIjp7ImJlZm9yZSI6IiIsImFmdGVyIjoiIn19@&#8221; content_max_width=&#8221;100%&#8221; _builder_version=&#8221;4.27.2&#8243; _module_preset=&#8221;default&#8221; header_font=&#8221;Barlow||||||||&#8221; header_text_align=&#8221;left&#8221; header_text_color=&#8221;#FFFFFF&#8221; header_font_size=&#8221;56px&#8221; header_line_height=&#8221;68px&#8221; body_text_color=&#8221;#f9f8f7&#8243; body_font_size=&#8221;18px&#8221; width=&#8221;100%&#8221; module_alignment=&#8221;left&#8221; custom_margin=&#8221;|0px|||false|false&#8221; custom_margin_tablet=&#8221;||||false|false&#8221; custom_margin_phone=&#8221;||||false|false&#8221; custom_margin_last_edited=&#8221;on|desktop&#8221; custom_padding=&#8221;|0px||0px|false|false&#8221; hover_enabled=&#8221;0&#8243; global_colors_info=&#8221;{}&#8221; theme_builder_area=&#8221;post_content&#8221; header_font_size_last_edited=&#8221;on|phone&#8221; sticky_enabled=&#8221;0&#8243; header_font_size_tablet=&#8221;30px&#8221; header_font_size_phone=&#8221;25px&#8221; header_line_height_last_edited=&#8221;on|desktop&#8221; header_line_height_phone=&#8221;33.6px&#8221; header_line_height_tablet=&#8221;34px&#8221; _dynamic_attributes=&#8221;title&#8221; width_last_edited=&#8221;on|desktop&#8221; width_tablet=&#8221;100%&#8221; width_phone=&#8221;100%&#8221;][\/et_pb_blurb][\/et_pb_column][\/et_pb_row][\/et_pb_section][et_pb_section fb_built=&#8221;1&#8243; theme_builder_area=&#8221;post_content&#8221; _builder_version=&#8221;4.27.2&#8243; _module_preset=&#8221;default&#8221; custom_padding=&#8221;70px|20px|70px|20px|false|false&#8221; hover_enabled=&#8221;0&#8243; sticky_enabled=&#8221;0&#8243; custom_padding_last_edited=&#8221;on|tablet&#8221; custom_padding_tablet=&#8221;20px||20px||false|false&#8221; locked=&#8221;off&#8221; custom_padding_phone=&#8221;20px||20px||false|false&#8221;][et_pb_row _builder_version=&#8221;4.27.2&#8243; _module_preset=&#8221;default&#8221; theme_builder_area=&#8221;post_content&#8221; hover_enabled=&#8221;0&#8243; sticky_enabled=&#8221;0&#8243; use_custom_gutter=&#8221;on&#8221; gutter_width=&#8221;1&#8243; max_width=&#8221;1140px&#8221; custom_padding=&#8221;0px||0px||false|false&#8221; width=&#8221;100%&#8221; width_last_edited=&#8221;on|phone&#8221; width_tablet=&#8221;100%&#8221; width_phone=&#8221;100%&#8221;][et_pb_column _builder_version=&#8221;4.27.2&#8243; _module_preset=&#8221;default&#8221; type=&#8221;4_4&#8243; theme_builder_area=&#8221;post_content&#8221; custom_padding=&#8221;|20px|||false|false&#8221; hover_enabled=&#8221;0&#8243; sticky_enabled=&#8221;0&#8243; custom_padding_last_edited=&#8221;on|phone&#8221; custom_padding_tablet=&#8221;|0px|30px||false|false&#8221; custom_padding_phone=&#8221;|0px|30px||false|false&#8221;][et_pb_text _builder_version=&#8221;4.27.2&#8243; _module_preset=&#8221;default&#8221; theme_builder_area=&#8221;post_content&#8221; text_font=&#8221;&#8211;et_global_body_font||||||||&#8221; text_font_size=&#8221;16px&#8221; text_text_color=&#8221;#595959&#8243; text_line_height=&#8221;26px&#8221; hover_enabled=&#8221;0&#8243; sticky_enabled=&#8221;0&#8243; header_3_line_height=&#8221;1.6em&#8221; header_4_line_height=&#8221;1.7em&#8221; header_4_line_height_last_edited=&#8221;on|phone&#8221; header_4_line_height_phone=&#8221;1.5em&#8221; header_3_line_height_last_edited=&#8221;on|desktop&#8221; header_4_line_height_tablet=&#8221;1.7em&#8221; header_3_line_height_tablet=&#8221;1.6em&#8221; header_3_line_height_phone=&#8221;1.6em&#8221;]<\/p>\n<p><strong>Cotizatia\u00a0<\/strong>lunar\u0103, \u00een cuantum de<span>\u00a0<\/span><strong>80\u00a0<\/strong>lei se poate achita:<\/p>\n<ul>\n<li>la casieria colegiului<\/li>\n<li>direct la ghi\u0219eul oric\u0103rei sucursale a B\u0103ncii Transilvania din Bihor<\/li>\n<li>prin banc\u0103, \u00een contul:\n<p>Cont IBAN \/ ROL:\u00a0 RO29BTRL00501205734402XX Banca Transilvania<\/p>\n<p>CMS Bihor Cod fiscal: 17097472<\/p>\n<\/li>\n<\/ul>\n<p><strong>Taxe:<\/strong><\/p>\n<p>&#8211; \u00eenscriere cet\u0103\u021beni rom\u00e2ni:\u00a0 370\u00a0 lei<\/p>\n<p>&#8211; \u00eenscriere cet\u0103\u021beni str\u0103ini:\u00a0 1.000\u00a0 lei<\/p>\n<p>&#8211; re\u00eenscriere:\u00a0 500\u00a0 lei<\/p>\n<p>&#8211; ob\u021binerea Certificatului de membru:\u00a0 150\u00a0 lei<\/p>\n<p>&#8211; avizare cabinet: avizare cabinet rural:\u00a0 1.000\u00a0 lei<\/p>\n<p>&#8211; avizare cabinet urban:\u00a0 2.000 \u00a0lei<\/p>\n<p>&#8211; avizare cabinet Oradea:\u00a0 3.000 \u00a0lei<\/p>\n<p>&#8211; unituri suplimentare:\u00a0 1.000 \u00a0lei \/ unitate<\/p>\n<p>&#8211; preschimbare aviz cabinet \u00een alt\u0103 \u00eenc\u0103pere \u00een aceea\u0219i incint\u0103 \u00eentr-un cabinet deja avizat:\u00a0 100 lei<\/p>\n<p>&#8211; mutare la alt\u0103 adres\u0103 \u00eentr-un cabinet avizat anterior de maxim 3 ani:\u00a0 1.000 lei<\/p>\n<p>&#8211; preschimbare aviz, schimbare nume, f\u0103r\u0103 modific\u0103ri func\u021bionale \u00een cabinet:\u00a0 100 \u00a0lei<\/p>\n<p>&#8211; reavizare cabinet cu modific\u0103ri ale spa\u021biului sau ad\u0103ugare de unit:\u00a0 1.000 \u00a0lei<\/p>\n<p><strong>Alte taxe:<\/strong><\/p>\n<p>-transfer din CMSBH:\u00a0 200 \u00a0lei<\/p>\n<p>&#8211; eliberarea Certificatului de status profesional curent:\u00a0 500 \u00a0lei<\/p>\n<p>&#8211; eliberarea altor diverse acte (adeverin\u021be):\u00a0 100 \u00a0lei<\/p>\n<p>&#8211; redob\u00e2ndirea calit\u0103\u021bii de membru al CMSR pentru medicii stomatologi care \u0219i-au \u00eentrerupt activitatea pe o durat\u0103 mai mare de 5 ani:\u00a0 1.000 \u00a0lei<\/p>\n<p>&#8211; pacien\u021bii care solicit\u0103 efectuarea de expertize de c\u0103tre Comisia de Expertiz\u0103 a Colegiului Medicilor Stomatologi din Rom\u00e2nia \u0219i comisiile jude\u021bene:\u00a0 600 \u00a0lei pentru fiecare membru al comisiei<\/p>\n<p>&#8211; tax\u0103 avizare cursuri EMC: congres \/ simpozion:\u00a0 3.000 \u00a0lei; cursuri:\u00a0 1.000 \u00a0lei.<\/p>\n<p>[\/et_pb_text][\/et_pb_column][\/et_pb_row][\/et_pb_section][et_pb_section fb_built=&#8221;1&#8243; _builder_version=&#8221;4.27.2&#8243; _module_preset=&#8221;default&#8221; background_color=&#8221;gcid-primary-color&#8221; hover_enabled=&#8221;0&#8243; global_colors_info=&#8221;{%22gcid-primary-color%22:%91%22background_color%22%93}&#8221; locked=&#8221;off&#8221; theme_builder_area=&#8221;post_content&#8221; custom_padding=&#8221;70px|20px|70px|20px|false|false&#8221; sticky_enabled=&#8221;0&#8243; custom_padding_last_edited=&#8221;on|phone&#8221; custom_padding_tablet=&#8221;40px||40px||false|false&#8221; custom_padding_phone=&#8221;40px||40px||false|false&#8221;][et_pb_row _builder_version=&#8221;4.27.2&#8243; _module_preset=&#8221;default&#8221; width=&#8221;100%&#8221; max_width=&#8221;1140px&#8221; hover_enabled=&#8221;0&#8243; global_colors_info=&#8221;{}&#8221; theme_builder_area=&#8221;post_content&#8221; sticky_enabled=&#8221;0&#8243; custom_padding=&#8221;0px|0px|0px||false|false&#8221; custom_margin=&#8221;||||false|false&#8221;][et_pb_column type=&#8221;4_4&#8243; _builder_version=&#8221;4.27.2&#8243; _module_preset=&#8221;default&#8221; hover_enabled=&#8221;0&#8243; global_colors_info=&#8221;{}&#8221; theme_builder_area=&#8221;post_content&#8221; sticky_enabled=&#8221;0&#8243;][et_pb_blurb title=&#8221;@ET-DC@eyJkeW5hbWljIjp0cnVlLCJjb250ZW50IjoicG9zdF90aXRsZSIsInNldHRpbmdzIjp7ImJlZm9yZSI6IiIsImFmdGVyIjoiIn19@&#8221; content_max_width=&#8221;100%&#8221; _builder_version=&#8221;4.27.2&#8243; _module_preset=&#8221;default&#8221; header_font=&#8221;Barlow||||||||&#8221; header_text_align=&#8221;left&#8221; header_text_color=&#8221;#FFFFFF&#8221; header_font_size=&#8221;56px&#8221; header_line_height=&#8221;68px&#8221; body_text_color=&#8221;#f9f8f7&#8243; body_font_size=&#8221;18px&#8221; width=&#8221;100%&#8221; module_alignment=&#8221;left&#8221; custom_margin=&#8221;|0px|||false|false&#8221; custom_margin_tablet=&#8221;||||false|false&#8221; custom_margin_phone=&#8221;||||false|false&#8221; custom_margin_last_edited=&#8221;on|desktop&#8221; custom_padding=&#8221;|0px||0px|false|false&#8221; hover_enabled=&#8221;0&#8243; global_colors_info=&#8221;{}&#8221; theme_builder_area=&#8221;post_content&#8221; header_font_size_last_edited=&#8221;on|phone&#8221; sticky_enabled=&#8221;0&#8243; header_font_size_tablet=&#8221;30px&#8221; header_font_size_phone=&#8221;25px&#8221; header_line_height_last_edited=&#8221;on|desktop&#8221; header_line_height_phone=&#8221;33.6px&#8221; header_line_height_tablet=&#8221;34px&#8221; _dynamic_attributes=&#8221;title&#8221; width_last_edited=&#8221;on|desktop&#8221; width_tablet=&#8221;100%&#8221; width_phone=&#8221;100%&#8221;][\/et_pb_blurb][\/et_pb_column][\/et_pb_row][\/et_pb_section]<\/p>\n","protected":false},"excerpt":{"rendered":"<p>Cotizatia\u00a0lunar\u0103, \u00een cuantum de\u00a080\u00a0lei se poate achita: la casieria colegiului direct la ghi\u0219eul oric\u0103rei sucursale a B\u0103ncii Transilvania din Bihor prin banc\u0103, \u00een contul: Cont IBAN \/ ROL:\u00a0 RO29BTRL00501205734402XX Banca Transilvania CMS Bihor Cod fiscal: 17097472 Taxe: &#8211; \u00eenscriere cet\u0103\u021beni rom\u00e2ni:\u00a0 370\u00a0 lei &#8211; \u00eenscriere cet\u0103\u021beni str\u0103ini:\u00a0 1.000\u00a0 lei &#8211; re\u00eenscriere:\u00a0 500\u00a0 lei &#8211; ob\u021binerea Certificatului de membru:\u00a0 150\u00a0 lei &#8211; avizare cabinet: avizare cabinet rural:\u00a0 1.000\u00a0 lei &#8211; avizare cabinet urban:\u00a0 2.000 \u00a0lei &#8211; avizare cabinet Oradea:\u00a0 3.000 \u00a0lei &#8211; unituri suplimentare:\u00a0 1.000 \u00a0lei \/ unitate &#8211; preschimbare aviz cabinet \u00een alt\u0103 \u00eenc\u0103pere \u00een aceea\u0219i incint\u0103 \u00eentr-un cabinet deja avizat:\u00a0 100 lei &#8211; mutare la alt\u0103 adres\u0103 \u00eentr-un cabinet avizat anterior de maxim 3 ani:\u00a0 1.000 lei &#8211; preschimbare aviz, schimbare nume, f\u0103r\u0103 modific\u0103ri func\u021bionale \u00een cabinet:\u00a0 100 \u00a0lei &#8211; reavizare cabinet cu modific\u0103ri ale spa\u021biului sau ad\u0103ugare de unit:\u00a0 1.000 \u00a0lei Alte taxe: -transfer din CMSBH:\u00a0 200 \u00a0lei &#8211; eliberarea Certificatului de status profesional curent:\u00a0 500 \u00a0lei &#8211; eliberarea altor diverse acte (adeverin\u021be):\u00a0 100 \u00a0lei &#8211; redob\u00e2ndirea calit\u0103\u021bii de membru al CMSR pentru medicii stomatologi care \u0219i-au \u00eentrerupt activitatea pe o durat\u0103 mai mare de 5 ani:\u00a0 1.000 \u00a0lei &#8211; pacien\u021bii care solicit\u0103 efectuarea de expertize de c\u0103tre [&hellip;]<\/p>\n","protected":false},"author":1,"featured_media":0,"parent":17,"menu_order":0,"comment_status":"closed","ping_status":"closed","template":"","meta":{"_et_pb_use_builder":"on","_et_pb_old_content":"<!-- wp:divi\/placeholder \/-->","_et_gb_content_width":"","footnotes":""},"class_list":["post-37","page","type-page","status-publish","hentry"],"_links":{"self":[{"href":"https:\/\/cmsbh.ro\/index.php\/wp-json\/wp\/v2\/pages\/37","targetHints":{"allow":["GET"]}}],"collection":[{"href":"https:\/\/cmsbh.ro\/index.php\/wp-json\/wp\/v2\/pages"}],"about":[{"href":"https:\/\/cmsbh.ro\/index.php\/wp-json\/wp\/v2\/types\/page"}],"author":[{"embeddable":true,"href":"https:\/\/cmsbh.ro\/index.php\/wp-json\/wp\/v2\/users\/1"}],"replies":[{"embeddable":true,"href":"https:\/\/cmsbh.ro\/index.php\/wp-json\/wp\/v2\/comments?post=37"}],"version-history":[{"count":4,"href":"https:\/\/cmsbh.ro\/index.php\/wp-json\/wp\/v2\/pages\/37\/revisions"}],"predecessor-version":[{"id":296,"href":"https:\/\/cmsbh.ro\/index.php\/wp-json\/wp\/v2\/pages\/37\/revisions\/296"}],"up":[{"embeddable":true,"href":"https:\/\/cmsbh.ro\/index.php\/wp-json\/wp\/v2\/pages\/17"}],"wp:attachment":[{"href":"https:\/\/cmsbh.ro\/index.php\/wp-json\/wp\/v2\/media?parent=37"}],"curies":[{"name":"wp","href":"https:\/\/api.w.org\/{rel}","templated":true}]}}