{"id":36,"date":"2024-10-04T09:47:57","date_gmt":"2024-10-04T09:47:57","guid":{"rendered":"https:\/\/cmsbh.ro\/?page_id=36"},"modified":"2024-10-06T09:43:04","modified_gmt":"2024-10-06T09:43:04","slug":"certificate-adeverinte","status":"publish","type":"page","link":"https:\/\/cmsbh.ro\/index.php\/pentru-colegi\/certificate-adeverinte\/","title":{"rendered":"Certificate \/ adeverin\u021be"},"content":{"rendered":"<p>[et_pb_section fb_built=&#8221;1&#8243; _builder_version=&#8221;4.27.2&#8243; _module_preset=&#8221;default&#8221; background_color=&#8221;gcid-primary-color&#8221; hover_enabled=&#8221;0&#8243; global_colors_info=&#8221;{%22gcid-primary-color%22:%91%22background_color%22%93}&#8221; locked=&#8221;off&#8221; theme_builder_area=&#8221;post_content&#8221; custom_padding=&#8221;70px|20px|70px|20px|false|false&#8221; sticky_enabled=&#8221;0&#8243; custom_padding_last_edited=&#8221;on|phone&#8221; custom_padding_tablet=&#8221;40px||40px||false|false&#8221; custom_padding_phone=&#8221;40px||40px||false|false&#8221;][et_pb_row _builder_version=&#8221;4.27.2&#8243; _module_preset=&#8221;default&#8221; width=&#8221;100%&#8221; max_width=&#8221;1140px&#8221; hover_enabled=&#8221;0&#8243; global_colors_info=&#8221;{}&#8221; theme_builder_area=&#8221;post_content&#8221; sticky_enabled=&#8221;0&#8243; custom_padding=&#8221;0px|0px|0px||false|false&#8221; custom_margin=&#8221;||||false|false&#8221;][et_pb_column type=&#8221;4_4&#8243; _builder_version=&#8221;4.27.2&#8243; _module_preset=&#8221;default&#8221; hover_enabled=&#8221;0&#8243; global_colors_info=&#8221;{}&#8221; theme_builder_area=&#8221;post_content&#8221; sticky_enabled=&#8221;0&#8243;][et_pb_blurb title=&#8221;@ET-DC@eyJkeW5hbWljIjp0cnVlLCJjb250ZW50IjoicG9zdF90aXRsZSIsInNldHRpbmdzIjp7ImJlZm9yZSI6IiIsImFmdGVyIjoiIn19@&#8221; content_max_width=&#8221;100%&#8221; _builder_version=&#8221;4.27.2&#8243; _module_preset=&#8221;default&#8221; header_font=&#8221;Barlow||||||||&#8221; header_text_align=&#8221;left&#8221; header_text_color=&#8221;#FFFFFF&#8221; header_font_size=&#8221;56px&#8221; header_line_height=&#8221;68px&#8221; body_text_color=&#8221;#f9f8f7&#8243; body_font_size=&#8221;18px&#8221; width=&#8221;100%&#8221; module_alignment=&#8221;left&#8221; custom_margin=&#8221;|0px|||false|false&#8221; custom_margin_tablet=&#8221;||||false|false&#8221; custom_margin_phone=&#8221;||||false|false&#8221; custom_margin_last_edited=&#8221;on|desktop&#8221; custom_padding=&#8221;|0px||0px|false|false&#8221; hover_enabled=&#8221;0&#8243; global_colors_info=&#8221;{}&#8221; theme_builder_area=&#8221;post_content&#8221; header_font_size_last_edited=&#8221;on|phone&#8221; sticky_enabled=&#8221;0&#8243; header_font_size_tablet=&#8221;30px&#8221; header_font_size_phone=&#8221;25px&#8221; header_line_height_last_edited=&#8221;on|desktop&#8221; header_line_height_phone=&#8221;33.6px&#8221; header_line_height_tablet=&#8221;34px&#8221; _dynamic_attributes=&#8221;title&#8221; width_last_edited=&#8221;on|desktop&#8221; width_tablet=&#8221;100%&#8221; width_phone=&#8221;100%&#8221;][\/et_pb_blurb][\/et_pb_column][\/et_pb_row][\/et_pb_section][et_pb_section fb_built=&#8221;1&#8243; theme_builder_area=&#8221;post_content&#8221; _builder_version=&#8221;4.27.2&#8243; _module_preset=&#8221;default&#8221; custom_padding=&#8221;70px|20px|70px|20px|false|false&#8221; hover_enabled=&#8221;0&#8243; sticky_enabled=&#8221;0&#8243; custom_padding_last_edited=&#8221;on|tablet&#8221; custom_padding_tablet=&#8221;20px||20px||false|false&#8221; locked=&#8221;off&#8221; custom_padding_phone=&#8221;20px||20px||false|false&#8221;][et_pb_row _builder_version=&#8221;4.27.2&#8243; _module_preset=&#8221;default&#8221; theme_builder_area=&#8221;post_content&#8221; hover_enabled=&#8221;0&#8243; sticky_enabled=&#8221;0&#8243; use_custom_gutter=&#8221;on&#8221; gutter_width=&#8221;1&#8243; max_width=&#8221;1140px&#8221; custom_padding=&#8221;0px||0px||false|false&#8221; width=&#8221;100%&#8221; width_last_edited=&#8221;on|phone&#8221; width_tablet=&#8221;100%&#8221; width_phone=&#8221;100%&#8221;][et_pb_column _builder_version=&#8221;4.27.2&#8243; _module_preset=&#8221;default&#8221; type=&#8221;4_4&#8243; theme_builder_area=&#8221;post_content&#8221; custom_padding=&#8221;|20px|||false|false&#8221; hover_enabled=&#8221;0&#8243; sticky_enabled=&#8221;0&#8243; custom_padding_last_edited=&#8221;on|phone&#8221; custom_padding_tablet=&#8221;|0px|30px||false|false&#8221; custom_padding_phone=&#8221;|0px|30px||false|false&#8221;][et_pb_text _builder_version=&#8221;4.27.2&#8243; _module_preset=&#8221;default&#8221; theme_builder_area=&#8221;post_content&#8221; text_font=&#8221;&#8211;et_global_body_font||||||||&#8221; text_font_size=&#8221;16px&#8221; text_text_color=&#8221;#595959&#8243; text_line_height=&#8221;26px&#8221; hover_enabled=&#8221;0&#8243; sticky_enabled=&#8221;0&#8243; header_3_line_height=&#8221;1.6em&#8221; header_4_line_height=&#8221;1.7em&#8221; header_4_line_height_last_edited=&#8221;on|phone&#8221; header_4_line_height_phone=&#8221;1.5em&#8221; header_3_line_height_last_edited=&#8221;on|desktop&#8221; header_4_line_height_tablet=&#8221;1.7em&#8221; header_3_line_height_tablet=&#8221;1.6em&#8221; header_3_line_height_phone=&#8221;1.6em&#8221;]<\/p>\n<div id=\"sppb-addon-wrapper-1589793277342\" class=\"sppb-addon-wrapper\">\n<div id=\"sppb-addon-1589793277342\" class=\"clearfix \">\n<div class=\"sppb-addon sppb-addon-header sppb-text-left\">\n<h3 class=\"sppb-addon-title\">1. Certificat de membru al colegiului:<\/h3>\n<\/div>\n<\/div>\n<\/div>\n<div id=\"sppb-addon-wrapper-1589794920295\" class=\"sppb-addon-wrapper\">\n<div id=\"sppb-addon-1589794920295\" class=\"clearfix \">\n<div class=\"sppb-addon sppb-addon-header sppb-text-left\"><\/div>\n<\/div>\n<\/div>\n<p>[\/et_pb_text][et_pb_button button_text=&#8221;Cite\u0219te mai mult&#8221; _builder_version=&#8221;4.27.2&#8243; _module_preset=&#8221;default&#8221; theme_builder_area=&#8221;post_content&#8221; button_alignment=&#8221;left&#8221; custom_button=&#8221;on&#8221; button_text_size=&#8221;14px&#8221; global_colors_info=&#8221;{%22gcid-primary-color%22:%91%22button_text_color%22%93}&#8221; button_text_color=&#8221;gcid-primary-color&#8221; button_bg_color=&#8221;#FFFFFF&#8221; button_bg_enable_color=&#8221;on&#8221; button_border_width=&#8221;1px&#8221; button_border_color=&#8221;#f7f7f7&#8243; button_font=&#8221;&#8211;et_global_body_font||||||||&#8221; button_use_icon=&#8221;off&#8221; custom_padding=&#8221;10px|20px|10px|20px|false|false&#8221; hover_enabled=&#8221;0&#8243; sticky_enabled=&#8221;0&#8243; button_url=&#8221;@ET-DC@eyJkeW5hbWljIjp0cnVlLCJjb250ZW50IjoicG9zdF9saW5rX3VybF9wYWdlIiwic2V0dGluZ3MiOnsicG9zdF9pZCI6IjE4In19@&#8221; custom_margin=&#8221;||12px||false|false&#8221; _dynamic_attributes=&#8221;button_url&#8221;][\/et_pb_button][et_pb_text _builder_version=&#8221;4.27.2&#8243; _module_preset=&#8221;default&#8221; theme_builder_area=&#8221;post_content&#8221; text_font=&#8221;&#8211;et_global_body_font||||||||&#8221; text_font_size=&#8221;16px&#8221; text_text_color=&#8221;#595959&#8243; text_line_height=&#8221;26px&#8221; hover_enabled=&#8221;0&#8243; sticky_enabled=&#8221;0&#8243; header_3_line_height=&#8221;1.6em&#8221; header_4_line_height=&#8221;1.7em&#8221; header_4_line_height_last_edited=&#8221;on|phone&#8221; header_4_line_height_phone=&#8221;1.5em&#8221; header_3_line_height_last_edited=&#8221;on|desktop&#8221; header_4_line_height_tablet=&#8221;1.7em&#8221; header_3_line_height_tablet=&#8221;1.6em&#8221; header_3_line_height_phone=&#8221;1.6em&#8221;]<\/p>\n<div id=\"sppb-addon-wrapper-1589793277342\" class=\"sppb-addon-wrapper\">\n<div id=\"sppb-addon-1589793277342\" class=\"clearfix \">\n<div class=\"sppb-addon sppb-addon-header sppb-text-left\">\n<h3 class=\"sppb-addon-title\">2. Certificat de avizare a cabinetului medical:<\/h3>\n<\/div>\n<\/div>\n<\/div>\n<div id=\"sppb-addon-wrapper-1589794920295\" class=\"sppb-addon-wrapper\">\n<div id=\"sppb-addon-1589794920295\" class=\"clearfix \">\n<div class=\"sppb-addon sppb-addon-header sppb-text-left\"><\/div>\n<\/div>\n<\/div>\n<p>[\/et_pb_text][et_pb_button button_text=&#8221;Cite\u0219te mai mult&#8221; _builder_version=&#8221;4.27.2&#8243; _module_preset=&#8221;default&#8221; theme_builder_area=&#8221;post_content&#8221; button_alignment=&#8221;left&#8221; custom_button=&#8221;on&#8221; button_text_size=&#8221;14px&#8221; global_colors_info=&#8221;{%22gcid-primary-color%22:%91%22button_text_color%22%93}&#8221; button_text_color=&#8221;gcid-primary-color&#8221; button_bg_color=&#8221;#FFFFFF&#8221; button_bg_enable_color=&#8221;on&#8221; button_border_width=&#8221;1px&#8221; button_border_color=&#8221;#f7f7f7&#8243; button_font=&#8221;&#8211;et_global_body_font||||||||&#8221; button_use_icon=&#8221;off&#8221; custom_padding=&#8221;10px|20px|10px|20px|false|false&#8221; hover_enabled=&#8221;0&#8243; sticky_enabled=&#8221;0&#8243; button_url=&#8221;@ET-DC@eyJkeW5hbWljIjp0cnVlLCJjb250ZW50IjoicG9zdF9saW5rX3VybF9wYWdlIiwic2V0dGluZ3MiOnsicG9zdF9pZCI6IjE0In19@&#8221; custom_margin=&#8221;||12px||false|false&#8221; _dynamic_attributes=&#8221;button_url&#8221;][\/et_pb_button][et_pb_text _builder_version=&#8221;4.27.2&#8243; _module_preset=&#8221;default&#8221; theme_builder_area=&#8221;post_content&#8221; text_font=&#8221;&#8211;et_global_body_font||||||||&#8221; text_font_size=&#8221;16px&#8221; text_text_color=&#8221;#595959&#8243; text_line_height=&#8221;26px&#8221; hover_enabled=&#8221;0&#8243; sticky_enabled=&#8221;0&#8243; header_3_line_height=&#8221;1.6em&#8221; header_4_line_height=&#8221;1.7em&#8221; header_4_line_height_last_edited=&#8221;on|phone&#8221; header_4_line_height_phone=&#8221;1.5em&#8221; header_3_line_height_last_edited=&#8221;on|desktop&#8221; header_4_line_height_tablet=&#8221;1.7em&#8221; header_3_line_height_tablet=&#8221;1.6em&#8221; header_3_line_height_phone=&#8221;1.6em&#8221;]<\/p>\n<div id=\"sppb-addon-wrapper-1589793277342\" class=\"sppb-addon-wrapper\">\n<div id=\"sppb-addon-1589793277342\" class=\"clearfix \">\n<div class=\"sppb-addon sppb-addon-header sppb-text-left\">\n<div id=\"sppb-addon-wrapper-1589794920305\" class=\"sppb-addon-wrapper\">\n<div id=\"sppb-addon-1589794920305\" class=\"clearfix \">\n<div class=\"sppb-addon sppb-addon-header sppb-text-left\">\n<h3 class=\"sppb-addon-title\">3. Certificat de status profesional curent<\/h3>\n<\/div>\n<\/div>\n<\/div>\n<div id=\"sppb-addon-wrapper-1589794920300\" class=\"sppb-addon-wrapper\">\n<div id=\"sppb-addon-1589794920300\" class=\"clearfix \">\n<div class=\"sppb-addon sppb-addon-text-block  \">\n<div class=\"sppb-addon-content\">\n<p>Actele necesare :<\/p>\n<p>&#8211; Copie act de identitate<\/p>\n<p>&#8211; Copie diplom\u0103 licen\u021b\u0103 \u0219i titluri oficiale de calificare profesional\u0103.<\/p>\n<p>&#8211; Dovada de practic\u0103 medico-dentar\u0103 conform Directivei 78\/687\/EEC.<\/p><\/div>\n<\/div>\n<\/div>\n<\/div>\n<div id=\"sppb-addon-wrapper-1589795550674\" class=\"sppb-addon-wrapper\">\n<div id=\"sppb-addon-1589795550674\" class=\"clearfix \">\n<div class=\"sppb-addon sppb-addon-header sppb-text-left\">\n<h3 class=\"sppb-addon-title\">4. Adeverin\u021be diverse<\/h3>\n<\/div>\n<\/div>\n<\/div>\n<div id=\"sppb-addon-wrapper-1589795550679\" class=\"sppb-addon-wrapper\">\n<div id=\"sppb-addon-1589795550679\" class=\"clearfix \">\n<div class=\"sppb-addon sppb-addon-text-block  \">\n<div class=\"sppb-addon-content\">&#8211; redacta\u021bi o cerere pentru eliberarea adeverin\u021bei \u00een care se specific\u0103 c\u0103rei institu\u021bii \u00eei este adresat\u0103 adeverin\u021ba.<\/div>\n<\/div>\n<\/div>\n<\/div>\n<\/div>\n<\/div>\n<\/div>\n<p>[\/et_pb_text][\/et_pb_column][\/et_pb_row][\/et_pb_section]<\/p>\n","protected":false},"excerpt":{"rendered":"<p>1. Certificat de membru al colegiului: 2. Certificat de avizare a cabinetului medical: 3. Certificat de status profesional curent Actele necesare : &#8211; Copie act de identitate &#8211; Copie diplom\u0103 licen\u021b\u0103 \u0219i titluri oficiale de calificare profesional\u0103. &#8211; Dovada de practic\u0103 medico-dentar\u0103 conform Directivei 78\/687\/EEC. 4. Adeverin\u021be diverse &#8211; redacta\u021bi o cerere pentru eliberarea adeverin\u021bei \u00een care se specific\u0103 c\u0103rei institu\u021bii \u00eei este adresat\u0103 adeverin\u021ba.<\/p>\n","protected":false},"author":1,"featured_media":0,"parent":17,"menu_order":0,"comment_status":"closed","ping_status":"closed","template":"","meta":{"_et_pb_use_builder":"on","_et_pb_old_content":"<!-- wp:divi\/placeholder \/-->","_et_gb_content_width":"","footnotes":""},"class_list":["post-36","page","type-page","status-publish","hentry"],"_links":{"self":[{"href":"https:\/\/cmsbh.ro\/index.php\/wp-json\/wp\/v2\/pages\/36","targetHints":{"allow":["GET"]}}],"collection":[{"href":"https:\/\/cmsbh.ro\/index.php\/wp-json\/wp\/v2\/pages"}],"about":[{"href":"https:\/\/cmsbh.ro\/index.php\/wp-json\/wp\/v2\/types\/page"}],"author":[{"embeddable":true,"href":"https:\/\/cmsbh.ro\/index.php\/wp-json\/wp\/v2\/users\/1"}],"replies":[{"embeddable":true,"href":"https:\/\/cmsbh.ro\/index.php\/wp-json\/wp\/v2\/comments?post=36"}],"version-history":[{"count":4,"href":"https:\/\/cmsbh.ro\/index.php\/wp-json\/wp\/v2\/pages\/36\/revisions"}],"predecessor-version":[{"id":290,"href":"https:\/\/cmsbh.ro\/index.php\/wp-json\/wp\/v2\/pages\/36\/revisions\/290"}],"up":[{"embeddable":true,"href":"https:\/\/cmsbh.ro\/index.php\/wp-json\/wp\/v2\/pages\/17"}],"wp:attachment":[{"href":"https:\/\/cmsbh.ro\/index.php\/wp-json\/wp\/v2\/media?parent=36"}],"curies":[{"name":"wp","href":"https:\/\/api.w.org\/{rel}","templated":true}]}}