{"id":25,"date":"2024-10-04T09:46:27","date_gmt":"2024-10-04T09:46:27","guid":{"rendered":"https:\/\/cmsbh.ro\/?page_id=25"},"modified":"2024-10-06T09:43:04","modified_gmt":"2024-10-06T09:43:04","slug":"acordul-informat-al-pacientului","status":"publish","type":"page","link":"https:\/\/cmsbh.ro\/index.php\/pentru-colegi\/acordul-informat-al-pacientului\/","title":{"rendered":"Acordul informat al pacientului"},"content":{"rendered":"<p>[et_pb_section fb_built=&#8221;1&#8243; _builder_version=&#8221;4.27.2&#8243; _module_preset=&#8221;default&#8221; background_color=&#8221;gcid-primary-color&#8221; hover_enabled=&#8221;0&#8243; global_colors_info=&#8221;{%22gcid-primary-color%22:%91%22background_color%22%93}&#8221; locked=&#8221;off&#8221; theme_builder_area=&#8221;post_content&#8221; custom_padding=&#8221;70px|20px|70px|20px|false|false&#8221; sticky_enabled=&#8221;0&#8243; custom_padding_last_edited=&#8221;on|phone&#8221; custom_padding_tablet=&#8221;40px||40px||false|false&#8221; custom_padding_phone=&#8221;40px||40px||false|false&#8221;][et_pb_row _builder_version=&#8221;4.27.2&#8243; _module_preset=&#8221;default&#8221; width=&#8221;100%&#8221; max_width=&#8221;1140px&#8221; hover_enabled=&#8221;0&#8243; global_colors_info=&#8221;{}&#8221; theme_builder_area=&#8221;post_content&#8221; sticky_enabled=&#8221;0&#8243; custom_padding=&#8221;0px|0px|0px||false|false&#8221; custom_margin=&#8221;||||false|false&#8221;][et_pb_column type=&#8221;4_4&#8243; _builder_version=&#8221;4.27.2&#8243; _module_preset=&#8221;default&#8221; hover_enabled=&#8221;0&#8243; global_colors_info=&#8221;{}&#8221; theme_builder_area=&#8221;post_content&#8221; sticky_enabled=&#8221;0&#8243;][et_pb_blurb title=&#8221;@ET-DC@eyJkeW5hbWljIjp0cnVlLCJjb250ZW50IjoicG9zdF90aXRsZSIsInNldHRpbmdzIjp7ImJlZm9yZSI6IiIsImFmdGVyIjoiIn19@&#8221; content_max_width=&#8221;100%&#8221; _builder_version=&#8221;4.27.2&#8243; _module_preset=&#8221;default&#8221; header_font=&#8221;Barlow||||||||&#8221; header_text_align=&#8221;left&#8221; header_text_color=&#8221;#FFFFFF&#8221; header_font_size=&#8221;56px&#8221; header_line_height=&#8221;68px&#8221; body_text_color=&#8221;#f9f8f7&#8243; body_font_size=&#8221;18px&#8221; width=&#8221;100%&#8221; module_alignment=&#8221;left&#8221; custom_margin=&#8221;|0px|||false|false&#8221; custom_margin_tablet=&#8221;||||false|false&#8221; custom_margin_phone=&#8221;||||false|false&#8221; custom_margin_last_edited=&#8221;on|desktop&#8221; custom_padding=&#8221;|0px||0px|false|false&#8221; hover_enabled=&#8221;0&#8243; global_colors_info=&#8221;{}&#8221; theme_builder_area=&#8221;post_content&#8221; header_font_size_last_edited=&#8221;on|phone&#8221; sticky_enabled=&#8221;0&#8243; header_font_size_tablet=&#8221;30px&#8221; header_font_size_phone=&#8221;25px&#8221; header_line_height_last_edited=&#8221;on|desktop&#8221; header_line_height_phone=&#8221;33.6px&#8221; header_line_height_tablet=&#8221;34px&#8221; _dynamic_attributes=&#8221;title&#8221; width_last_edited=&#8221;on|desktop&#8221; width_tablet=&#8221;100%&#8221; width_phone=&#8221;100%&#8221;][\/et_pb_blurb][\/et_pb_column][\/et_pb_row][\/et_pb_section][et_pb_section fb_built=&#8221;1&#8243; theme_builder_area=&#8221;post_content&#8221; _builder_version=&#8221;4.27.2&#8243; _module_preset=&#8221;default&#8221; custom_padding=&#8221;70px|20px|70px|20px|false|false&#8221; hover_enabled=&#8221;0&#8243; sticky_enabled=&#8221;0&#8243; custom_padding_last_edited=&#8221;on|tablet&#8221; custom_padding_tablet=&#8221;20px||20px||false|false&#8221; locked=&#8221;off&#8221; custom_padding_phone=&#8221;20px||20px||false|false&#8221;][et_pb_row _builder_version=&#8221;4.27.2&#8243; _module_preset=&#8221;default&#8221; theme_builder_area=&#8221;post_content&#8221; column_structure=&#8221;2_3,1_3&#8243; hover_enabled=&#8221;0&#8243; sticky_enabled=&#8221;0&#8243; use_custom_gutter=&#8221;on&#8221; gutter_width=&#8221;1&#8243; max_width=&#8221;1140px&#8221; custom_padding=&#8221;0px||0px||false|false&#8221; width=&#8221;100%&#8221; width_last_edited=&#8221;on|phone&#8221; width_tablet=&#8221;100%&#8221; width_phone=&#8221;100%&#8221;][et_pb_column _builder_version=&#8221;4.27.2&#8243; _module_preset=&#8221;default&#8221; type=&#8221;2_3&#8243; theme_builder_area=&#8221;post_content&#8221; custom_padding=&#8221;|20px|||false|false&#8221; hover_enabled=&#8221;0&#8243; sticky_enabled=&#8221;0&#8243; custom_padding_last_edited=&#8221;on|phone&#8221; custom_padding_tablet=&#8221;|0px|30px||false|false&#8221; custom_padding_phone=&#8221;|0px|30px||false|false&#8221;][et_pb_heading title=&#8221;Acordul informat al pacientului&#8221; _builder_version=&#8221;4.27.2&#8243; _module_preset=&#8221;default&#8221; title_font=&#8221;Barlow||||||||&#8221; title_font_size=&#8221;44px&#8221; title_line_height=&#8221;56px&#8221; custom_margin=&#8221;||11px|||&#8221; custom_padding=&#8221;|0px|||false|false&#8221; custom_padding_tablet=&#8221;|100px|||false|false&#8221; custom_padding_phone=&#8221;|100px|||false|false&#8221; custom_padding_last_edited=&#8221;on|desktop&#8221; hover_enabled=&#8221;0&#8243; title_font_size_tablet=&#8221;30px&#8221; title_font_size_phone=&#8221;30px&#8221; title_font_size_last_edited=&#8221;on|phone&#8221; locked=&#8221;off&#8221; global_colors_info=&#8221;{}&#8221; theme_builder_area=&#8221;post_content&#8221; sticky_enabled=&#8221;0&#8243; title_text_align=&#8221;left&#8221;][\/et_pb_heading][et_pb_text _builder_version=&#8221;4.27.2&#8243; _module_preset=&#8221;default&#8221; theme_builder_area=&#8221;post_content&#8221; text_font=&#8221;&#8211;et_global_body_font||||||||&#8221; text_font_size=&#8221;16px&#8221; text_text_color=&#8221;#595959&#8243; text_line_height=&#8221;26px&#8221; hover_enabled=&#8221;0&#8243; sticky_enabled=&#8221;0&#8243; header_3_line_height=&#8221;1.6em&#8221; header_4_line_height=&#8221;1.7em&#8221; header_4_line_height_last_edited=&#8221;on|phone&#8221; header_4_line_height_phone=&#8221;1.5em&#8221; header_3_line_height_last_edited=&#8221;on|desktop&#8221; header_4_line_height_tablet=&#8221;1.7em&#8221; header_3_line_height_tablet=&#8221;1.6em&#8221; header_3_line_height_phone=&#8221;1.6em&#8221;]<\/p>\n<p><span>\u00cen conformitate cu\u00a0<\/span><strong>Legea 95\/2006<\/strong><span>\u00a0\u0219i\u00a0<\/span><strong>Codul deontologic al medicului dentist<\/strong><span>, art 11, &#8220;Pentru investiga\u0163iile paraclinice \u015fi planul de tratament, medicul este obligat s\u0103 cear\u0103 consim\u0163\u0103m\u00e2ntul informat al pacientului sau al reprezentantului legal al acestuia&#8221; .<\/span><\/p>\n<p><span>De asemenea, a aparut recent\u00a0<\/span><strong>ordinul 1411\/2016<\/strong><span>\u00a0privind modificarea \u015fi completarea Ordinului ministrului s\u0103n\u0103t\u0103\u0163ii publice nr. 482\/2007 privind aprobarea Normelor metodologice de aplicare a titlului XV &#8220;R\u0103spunderea civil\u0103 a personalului medical \u015fi a furnizorului de produse \u015fi servicii medicale, sanitare \u015fi farmaceutice&#8221; din Legea nr. 95\/2006 privind reforma \u00een domeniul s\u0103n\u0103t\u0103\u0163ii.<\/span><br \/><span>Acest ordin prezinta in anexa un model pentru\u00a0<\/span><strong>formularul de acord informat al pacientului<\/strong><span>, obligatoriu a fi utilizat de catre toti medicii.<\/span><br \/><span>Tot in anexa mai exista si un\u00a0<\/span><span><em><strong>raport pentru situatii de urgenta<\/strong><\/em><\/span><span>\u00a0de utilizat daca se intampla sa avem o urgenta medicala cu pacient inconstient (foarte rar in practica noastra). Deci, nu se refera la urgentele dentare in care putem si trebuie sa obtinem acordul informat scris al pacientului.<\/span><\/p>\n<p><span>In sedinta consiliului national al CMDR din noiembrie 2016 a fost votat, de asemenea, ca\u00a0<\/span><strong>obligatoriu\u00a0<\/strong><span>acelasi formular de acord informat.<\/span><\/p>\n<p><em><strong>\u00cen acest context, v\u0103 recomand\u0103m insistent s\u0103 \u00eentocmi\u021bi\u00a0<span>acest model<\/span><span>\u00a0<\/span>de acord\u00a0 scris al pacientului, pentru toate investiga\u021biile \u0219i tratamentele pe care i le efectua\u021bi!<\/strong><\/em><\/p>\n<p><em><strong>Lipsa lui constituie abatere disciplinara \u0219i va fi sanctionata ca atare de catre comisia de disciplina.<\/strong><\/em><\/p>\n<p><em><strong>Lipsa consimt\u0103m\u00e2ntului face totodata inoperabila asigurarea de malpraxis!<\/strong><\/em><\/p>\n<p>[\/et_pb_text][\/et_pb_column][et_pb_column _builder_version=&#8221;4.27.2&#8243; _module_preset=&#8221;default&#8221; type=&#8221;1_3&#8243; theme_builder_area=&#8221;post_content&#8221; background_color=&#8221;#f3f8fe&#8221; hover_enabled=&#8221;0&#8243; sticky_enabled=&#8221;0&#8243; custom_padding=&#8221;30px|30px|30px|30px|false|false&#8221; custom_padding_last_edited=&#8221;on|tablet&#8221; custom_padding_phone=&#8221;15px|15px|15px|15px|false|false&#8221; custom_padding_tablet=&#8221;20px|20px|20px|20px|false|false&#8221;][et_pb_heading title=&#8221;Documente Acordul informat al pacientului&#8221; _builder_version=&#8221;4.27.2&#8243; _module_preset=&#8221;default&#8221; title_font=&#8221;Barlow||||||||&#8221; title_font_size=&#8221;27px&#8221; title_line_height=&#8221;29.5px&#8221; custom_margin=&#8221;||11px|||&#8221; custom_padding=&#8221;|0px|||false|false&#8221; custom_padding_tablet=&#8221;|100px|||false|false&#8221; custom_padding_phone=&#8221;|100px|||false|false&#8221; custom_padding_last_edited=&#8221;on|desktop&#8221; hover_enabled=&#8221;0&#8243; title_font_size_tablet=&#8221;25px&#8221; title_font_size_phone=&#8221;20px&#8221; title_font_size_last_edited=&#8221;on|desktop&#8221; locked=&#8221;off&#8221; global_colors_info=&#8221;{}&#8221; theme_builder_area=&#8221;post_content&#8221; sticky_enabled=&#8221;0&#8243; title_text_align=&#8221;left&#8221; title_line_height_last_edited=&#8221;on|tablet&#8221; title_text_color=&#8221;#404752&#8243; title_line_height_tablet=&#8221;29.5px&#8221; title_line_height_phone=&#8221;29.5px&#8221;][\/et_pb_heading][et_pb_divider _builder_version=&#8221;4.27.2&#8243; _module_preset=&#8221;default&#8221; theme_builder_area=&#8221;post_content&#8221; color=&#8221;#dddddd&#8221;][\/et_pb_divider][et_pb_heading title=&#8221;Documente<br \/>\n&#8221; _builder_version=&#8221;4.27.2&#8243; _module_preset=&#8221;default&#8221; title_font=&#8221;Barlow||||||||&#8221; title_font_size=&#8221;44px&#8221; title_line_height=&#8221;56px&#8221; custom_margin=&#8221;||11px|||&#8221; custom_padding=&#8221;|0px|||false|false&#8221; custom_padding_tablet=&#8221;|100px|||false|false&#8221; custom_padding_phone=&#8221;|100px|||false|false&#8221; custom_padding_last_edited=&#8221;on|desktop&#8221; hover_enabled=&#8221;0&#8243; title_font_size_tablet=&#8221;30px&#8221; title_font_size_phone=&#8221;30px&#8221; title_font_size_last_edited=&#8221;on|phone&#8221; locked=&#8221;off&#8221; global_colors_info=&#8221;{}&#8221; theme_builder_area=&#8221;post_content&#8221; sticky_enabled=&#8221;0&#8243; title_text_align=&#8221;left&#8221;][\/et_pb_heading][et_pb_button button_text=&#8221;Raport pentru situa\u021bii de urgen\u021b\u0103&#8221; _builder_version=&#8221;4.27.2&#8243; _module_preset=&#8221;default&#8221; theme_builder_area=&#8221;post_content&#8221; button_alignment=&#8221;left&#8221; custom_button=&#8221;on&#8221; button_text_size=&#8221;14px&#8221; global_colors_info=&#8221;{%22gcid-primary-color%22:%91%22button_text_color%22%93}&#8221; button_text_color=&#8221;gcid-primary-color&#8221; button_bg_color=&#8221;#FFFFFF&#8221; button_bg_enable_color=&#8221;on&#8221; button_border_width=&#8221;1px&#8221; button_border_color=&#8221;#f7f7f7&#8243; button_font=&#8221;&#8211;et_global_body_font||||||||&#8221; button_use_icon=&#8221;off&#8221; custom_padding=&#8221;10px|20px|10px|20px|false|false&#8221; hover_enabled=&#8221;0&#8243; sticky_enabled=&#8221;0&#8243; button_url=&#8221;https:\/\/cmsbh.ro\/wp-content\/uploads\/2024\/10\/raport_situatii-urgenta-1.doc&#8221; custom_margin=&#8221;||12px||false|false&#8221;][\/et_pb_button][et_pb_button button_text=&#8221;Acord informat&#8221; _builder_version=&#8221;4.27.2&#8243; _module_preset=&#8221;default&#8221; theme_builder_area=&#8221;post_content&#8221; button_alignment=&#8221;left&#8221; custom_button=&#8221;on&#8221; button_text_size=&#8221;14px&#8221; global_colors_info=&#8221;{%22gcid-primary-color%22:%91%22button_text_color%22%93}&#8221; button_text_color=&#8221;gcid-primary-color&#8221; button_bg_color=&#8221;#FFFFFF&#8221; button_bg_enable_color=&#8221;on&#8221; button_border_width=&#8221;1px&#8221; button_border_color=&#8221;#f7f7f7&#8243; button_font=&#8221;&#8211;et_global_body_font||||||||&#8221; button_use_icon=&#8221;off&#8221; custom_padding=&#8221;10px|20px|10px|20px|false|false&#8221; hover_enabled=&#8221;0&#8243; sticky_enabled=&#8221;0&#8243; button_url=&#8221;https:\/\/cmsbh.ro\/wp-content\/uploads\/2024\/10\/acord_informat_nou.doc&#8221; custom_margin=&#8221;||12px||false|false&#8221;][\/et_pb_button][\/et_pb_column][\/et_pb_row][\/et_pb_section]<\/p>\n","protected":false},"excerpt":{"rendered":"<p>\u00cen conformitate cu\u00a0Legea 95\/2006\u00a0\u0219i\u00a0Codul deontologic al medicului dentist, art 11, &#8220;Pentru investiga\u0163iile paraclinice \u015fi planul de tratament, medicul este obligat s\u0103 cear\u0103 consim\u0163\u0103m\u00e2ntul informat al pacientului sau al reprezentantului legal al acestuia&#8221; . De asemenea, a aparut recent\u00a0ordinul 1411\/2016\u00a0privind modificarea \u015fi completarea Ordinului ministrului s\u0103n\u0103t\u0103\u0163ii publice nr. 482\/2007 privind aprobarea Normelor metodologice de aplicare a titlului XV &#8220;R\u0103spunderea civil\u0103 a personalului medical \u015fi a furnizorului de produse \u015fi servicii medicale, sanitare \u015fi farmaceutice&#8221; din Legea nr. 95\/2006 privind reforma \u00een domeniul s\u0103n\u0103t\u0103\u0163ii.Acest ordin prezinta in anexa un model pentru\u00a0formularul de acord informat al pacientului, obligatoriu a fi utilizat de catre toti medicii.Tot in anexa mai exista si un\u00a0raport pentru situatii de urgenta\u00a0de utilizat daca se intampla sa avem o urgenta medicala cu pacient inconstient (foarte rar in practica noastra). Deci, nu se refera la urgentele dentare in care putem si trebuie sa obtinem acordul informat scris al pacientului. In sedinta consiliului national al CMDR din noiembrie 2016 a fost votat, de asemenea, ca\u00a0obligatoriu\u00a0acelasi formular de acord informat. \u00cen acest context, v\u0103 recomand\u0103m insistent s\u0103 \u00eentocmi\u021bi\u00a0acest model\u00a0de acord\u00a0 scris al pacientului, pentru toate investiga\u021biile \u0219i tratamentele pe care i le efectua\u021bi! Lipsa lui constituie abatere disciplinara \u0219i va fi sanctionata ca [&hellip;]<\/p>\n","protected":false},"author":1,"featured_media":0,"parent":17,"menu_order":0,"comment_status":"closed","ping_status":"closed","template":"","meta":{"_et_pb_use_builder":"on","_et_pb_old_content":"<!-- wp:divi\/placeholder \/-->","_et_gb_content_width":"","footnotes":""},"class_list":["post-25","page","type-page","status-publish","hentry"],"_links":{"self":[{"href":"https:\/\/cmsbh.ro\/index.php\/wp-json\/wp\/v2\/pages\/25","targetHints":{"allow":["GET"]}}],"collection":[{"href":"https:\/\/cmsbh.ro\/index.php\/wp-json\/wp\/v2\/pages"}],"about":[{"href":"https:\/\/cmsbh.ro\/index.php\/wp-json\/wp\/v2\/types\/page"}],"author":[{"embeddable":true,"href":"https:\/\/cmsbh.ro\/index.php\/wp-json\/wp\/v2\/users\/1"}],"replies":[{"embeddable":true,"href":"https:\/\/cmsbh.ro\/index.php\/wp-json\/wp\/v2\/comments?post=25"}],"version-history":[{"count":4,"href":"https:\/\/cmsbh.ro\/index.php\/wp-json\/wp\/v2\/pages\/25\/revisions"}],"predecessor-version":[{"id":254,"href":"https:\/\/cmsbh.ro\/index.php\/wp-json\/wp\/v2\/pages\/25\/revisions\/254"}],"up":[{"embeddable":true,"href":"https:\/\/cmsbh.ro\/index.php\/wp-json\/wp\/v2\/pages\/17"}],"wp:attachment":[{"href":"https:\/\/cmsbh.ro\/index.php\/wp-json\/wp\/v2\/media?parent=25"}],"curies":[{"name":"wp","href":"https:\/\/api.w.org\/{rel}","templated":true}]}}