{"id":24,"date":"2024-10-04T09:46:17","date_gmt":"2024-10-04T09:46:17","guid":{"rendered":"https:\/\/cmsbh.ro\/?page_id=24"},"modified":"2024-10-06T09:43:04","modified_gmt":"2024-10-06T09:43:04","slug":"educatia-medicala-continua","status":"publish","type":"page","link":"https:\/\/cmsbh.ro\/index.php\/pentru-colegi\/educatia-medicala-continua\/","title":{"rendered":"Educa\u021bia medical\u0103 continu\u0103"},"content":{"rendered":"<p>[et_pb_section fb_built=&#8221;1&#8243; theme_builder_area=&#8221;post_content&#8221; _builder_version=&#8221;4.27.2&#8243; _module_preset=&#8221;default&#8221; custom_padding=&#8221;70px|20px|70px|20px|false|false&#8221; hover_enabled=&#8221;0&#8243; sticky_enabled=&#8221;0&#8243; custom_padding_last_edited=&#8221;on|tablet&#8221; custom_padding_tablet=&#8221;20px||20px||false|false&#8221; locked=&#8221;off&#8221; custom_padding_phone=&#8221;20px||20px||false|false&#8221;][et_pb_row _builder_version=&#8221;4.27.2&#8243; _module_preset=&#8221;default&#8221; theme_builder_area=&#8221;post_content&#8221; hover_enabled=&#8221;0&#8243; sticky_enabled=&#8221;0&#8243; use_custom_gutter=&#8221;on&#8221; gutter_width=&#8221;1&#8243; max_width=&#8221;1140px&#8221; custom_padding=&#8221;0px||0px||false|false&#8221; width=&#8221;100%&#8221; width_last_edited=&#8221;on|phone&#8221; width_tablet=&#8221;100%&#8221; width_phone=&#8221;100%&#8221;][et_pb_column _builder_version=&#8221;4.27.2&#8243; _module_preset=&#8221;default&#8221; type=&#8221;4_4&#8243; theme_builder_area=&#8221;post_content&#8221; custom_padding=&#8221;|20px|||false|false&#8221; hover_enabled=&#8221;0&#8243; sticky_enabled=&#8221;0&#8243; custom_padding_last_edited=&#8221;on|phone&#8221; custom_padding_tablet=&#8221;|0px|30px||false|false&#8221; custom_padding_phone=&#8221;|0px|30px||false|false&#8221;][et_pb_heading title=&#8221;A. Ce este EMC? &#8211; extrase din Regulamentul EMC din 28\/06\/2014&#8243; _builder_version=&#8221;4.27.2&#8243; _module_preset=&#8221;default&#8221; title_font=&#8221;Barlow||||||||&#8221; title_font_size=&#8221;44px&#8221; title_line_height=&#8221;56px&#8221; custom_margin=&#8221;||11px|||&#8221; custom_padding=&#8221;|0px|||false|false&#8221; custom_padding_tablet=&#8221;|100px|||false|false&#8221; custom_padding_phone=&#8221;|100px|||false|false&#8221; custom_padding_last_edited=&#8221;on|desktop&#8221; hover_enabled=&#8221;0&#8243; title_font_size_tablet=&#8221;30px&#8221; title_font_size_phone=&#8221;30px&#8221; title_font_size_last_edited=&#8221;on|phone&#8221; locked=&#8221;off&#8221; global_colors_info=&#8221;{}&#8221; theme_builder_area=&#8221;post_content&#8221; sticky_enabled=&#8221;0&#8243; title_text_align=&#8221;left&#8221;][\/et_pb_heading][et_pb_text _builder_version=&#8221;4.27.2&#8243; _module_preset=&#8221;default&#8221; theme_builder_area=&#8221;post_content&#8221; text_font=&#8221;&#8211;et_global_body_font||||||||&#8221; text_font_size=&#8221;16px&#8221; text_text_color=&#8221;#595959&#8243; text_line_height=&#8221;26px&#8221; hover_enabled=&#8221;0&#8243; sticky_enabled=&#8221;0&#8243; header_3_line_height=&#8221;1.6em&#8221; header_4_line_height=&#8221;1.7em&#8221; header_4_line_height_last_edited=&#8221;on|phone&#8221; header_4_line_height_phone=&#8221;1.5em&#8221; header_3_line_height_last_edited=&#8221;on|desktop&#8221; header_4_line_height_tablet=&#8221;1.7em&#8221; header_3_line_height_tablet=&#8221;1.6em&#8221; header_3_line_height_phone=&#8221;1.6em&#8221;]<\/p>\n<p><span>Educa\u021bia medical\u0103 continu\u0103, denumit\u0103 \u00een continuare EMC, reprezint\u0103 totalitatea activit\u0103\u021bilor planificate de preg\u0103tire teoretic\u0103 \u0219i practic\u0103 desf\u0103\u0219urate de medicii denti\u0219ti \u00een vederea dob\u00e2ndirii sau \u00eembun\u0103t\u0103\u021birii statusului profesional, nivelului de cuno\u0219tin\u021be \u0219i aptitudini\/deprinderi, \u00een concordan\u021b\u0103 cu progresul \u0219tiin\u021bific \u0219i tehnologic din domeniul medicinii dentare, pentru cre\u0219terea calit\u0103\u021bii actului medical \u00een beneficiul asisten\u021bei medicale a pacientului.<\/span><br \/><span>Formele de EMC sunt cuantificate prin unit\u0103\u021bi de creditare, denumite \u00een continuare credite de EMC.<\/span><br \/><span>Medicii denti\u0219ti cu drept de liber\u0103 practic\u0103 au obliga\u021bia ca, \u00een mod continuu \u0219i pe parcursul \u00eentregii perioade de activitate profesional\u0103, s\u0103 urmeze forme de educa\u021bie medical\u0103 continu\u0103 \u0219i s\u0103 cumuleze num\u0103rul minim de credite stabilit de Consiliul na\u021bional al Colegiului Medicilor Denti\u0219ti din Rom\u00e2nia.<\/span><br \/><span>Punctajul profesional minim pe care trebuie s\u0103 \u00eel realizeze fiecare medic dentist este de 200 de credite de EMC pe parcursul a 5 ani, cu un minimum de 20 de credite \/an pana in anul final de ciclu EMC.<\/span><br \/><span>Prin excep\u021bie, pentru medicii denti\u0219ti care au \u00eemplinit v\u00e2rsta legal\u0103 de pensionare prev\u0103zut\u0103 de lege, procedura evalu\u0103rii se face anual, \u00een baza cererii de prelungire a activit\u0103\u021bii, punctajul profesional fiind de minimum 40 de credite de EMC realizate anual.<\/span><br \/><span>Nerealizarea num\u0103rului minim de credite de educa\u021bie medical\u0103 continu\u0103 implic\u0103, conform legii, suspendarea dreptului de liber\u0103 practic\u0103 p\u00e2n\u0103 la \u00eendeplinirea obliga\u021biei prev\u0103zute la alin.1<\/span><br \/><span>Verificarea punctajului profesional al medicului dentist se face anual de c\u0103tre colegiul teritorial \u00een care acesta este \u00eenregistrat, cu ocazia aviz\u0103rii anuale a certificatului de membru al CMDR, \u0219i se men\u021bioneaz\u0103 \u00een fi\u0219a profesional\u0103.<\/span><\/p>\n<p>[\/et_pb_text][et_pb_heading title=&#8221;B. Forme de EMC&#8221; _builder_version=&#8221;4.27.2&#8243; _module_preset=&#8221;default&#8221; title_font=&#8221;Barlow||||||||&#8221; title_font_size=&#8221;44px&#8221; title_line_height=&#8221;56px&#8221; custom_margin=&#8221;10px||10px||false|false&#8221; custom_padding=&#8221;|0px|||false|false&#8221; custom_padding_tablet=&#8221;|100px|||false|false&#8221; custom_padding_phone=&#8221;|100px|||false|false&#8221; custom_padding_last_edited=&#8221;on|desktop&#8221; hover_enabled=&#8221;0&#8243; title_font_size_tablet=&#8221;30px&#8221; title_font_size_phone=&#8221;30px&#8221; title_font_size_last_edited=&#8221;on|phone&#8221; locked=&#8221;off&#8221; global_colors_info=&#8221;{}&#8221; theme_builder_area=&#8221;post_content&#8221; sticky_enabled=&#8221;0&#8243; title_text_align=&#8221;left&#8221;][\/et_pb_heading][et_pb_text _builder_version=&#8221;4.27.2&#8243; _module_preset=&#8221;default&#8221; theme_builder_area=&#8221;post_content&#8221; text_font=&#8221;&#8211;et_global_body_font||||||||&#8221; text_font_size=&#8221;16px&#8221; text_text_color=&#8221;#595959&#8243; text_line_height=&#8221;26px&#8221; hover_enabled=&#8221;0&#8243; sticky_enabled=&#8221;0&#8243; header_3_line_height=&#8221;1.6em&#8221; header_4_line_height=&#8221;1.7em&#8221; header_4_line_height_last_edited=&#8221;on|phone&#8221; header_4_line_height_phone=&#8221;1.5em&#8221; header_3_line_height_last_edited=&#8221;on|desktop&#8221; header_4_line_height_tablet=&#8221;1.7em&#8221; header_3_line_height_tablet=&#8221;1.6em&#8221; header_3_line_height_phone=&#8221;1.6em&#8221;]<\/p>\n<p><span>CMDR crediteaz\u0103 ca forme de EMC: formele de \u00eenv\u0103\u021b\u0103m\u00e2nt postuniversitar medical, formele de educa\u021bie permanent\u0103 medical\u0103, precum \u0219i manifest\u0103ri \u0219i activit\u0103\u021bi cu caracter \u0219tiin\u021bific.<\/span><br \/><span>Principalele manifest\u0103ri \u0219tiin\u021bifice, activit\u0103\u021bi cu caracter \u0219tiin\u021bific \u0219i forme de educa\u021bie medical\u0103 permanent\u0103 constau \u00een:<\/span><br \/><span>a) manifest\u0103ri \u0219tiin\u021bifice reprezentate de: congrese, conferin\u021be, simpozioane;<\/span><br \/><span>b) publicarea de articole \u0219tiin\u021bifice medicale \u00een reviste cotate de Consiliul Na\u021bional al Cercet\u0103rii \u0218tiin\u021bifice din \u00cenv\u0103\u021b\u0103m\u00e2ntul Superior (CNCSIS)\/ISI;<\/span><br \/><span>c) publicarea de c\u0103r\u021bi, tratate, manuale, monografii, capitole de carte la edituri acreditate de CNCSIS;<\/span><br \/><span>d) cursuri de EMC teoretice \u0219i\/sau demonstra\u021bii practice; demonstra\u021biile practice se crediteaz\u0103 cu puncte de EMC doar dac\u0103 lectorul este acreditat de CMDR;<\/span><br \/><span>e) abonamente anuale la reviste medicale de specialitate acreditate de CNCSIS, reviste interna\u021bionale de specialitate, publica\u021bii na\u021bionale medicale \u0219i care sunt agreate de CMDR;<\/span><br \/><span>f) EMC la distan\u021b\u0103.<\/span><\/p>\n<p><span>Pentru o informare complet\u0103 \u00een privin\u021ba EMC, consulta\u021bi\u00a0<\/span><strong>REGULAMENTUL de educa\u021bie medical\u0103 continu\u0103 al Colegiului Medicilor Denti\u0219ti din Rom\u00e2nia din 28\/06\/2014<\/strong><\/p>\n<p>[\/et_pb_text][et_pb_button button_text=&#8221;Descarc\u0103 Regulamentul&#8221; _builder_version=&#8221;4.27.2&#8243; _module_preset=&#8221;default&#8221; theme_builder_area=&#8221;post_content&#8221; button_alignment=&#8221;center&#8221; custom_button=&#8221;on&#8221; button_text_size=&#8221;14px&#8221; global_colors_info=&#8221;{%22gcid-primary-color%22:%91%22button_text_color%22%93}&#8221; button_text_color=&#8221;gcid-primary-color&#8221; button_bg_color=&#8221;#FFFFFF&#8221; button_bg_enable_color=&#8221;on&#8221; button_border_width=&#8221;1px&#8221; button_border_color=&#8221;#f7f7f7&#8243; button_font=&#8221;&#8211;et_global_body_font||||||||&#8221; button_use_icon=&#8221;off&#8221; custom_padding=&#8221;10px|20px|10px|20px|false|false&#8221; hover_enabled=&#8221;0&#8243; sticky_enabled=&#8221;0&#8243; button_url=&#8221;https:\/\/cmsbh.ro\/wp-content\/uploads\/2024\/10\/dcn-16_2cn_2021-emc-rev2023.10.12.pdf&#8221; custom_margin=&#8221;20px||0px||false|false&#8221; locked=&#8221;off&#8221;][\/et_pb_button][\/et_pb_column][\/et_pb_row][\/et_pb_section]<\/p>\n","protected":false},"excerpt":{"rendered":"<p>Educa\u021bia medical\u0103 continu\u0103, denumit\u0103 \u00een continuare EMC, reprezint\u0103 totalitatea activit\u0103\u021bilor planificate de preg\u0103tire teoretic\u0103 \u0219i practic\u0103 desf\u0103\u0219urate de medicii denti\u0219ti \u00een vederea dob\u00e2ndirii sau \u00eembun\u0103t\u0103\u021birii statusului profesional, nivelului de cuno\u0219tin\u021be \u0219i aptitudini\/deprinderi, \u00een concordan\u021b\u0103 cu progresul \u0219tiin\u021bific \u0219i tehnologic din domeniul medicinii dentare, pentru cre\u0219terea calit\u0103\u021bii actului medical \u00een beneficiul asisten\u021bei medicale a pacientului.Formele de EMC sunt cuantificate prin unit\u0103\u021bi de creditare, denumite \u00een continuare credite de EMC.Medicii denti\u0219ti cu drept de liber\u0103 practic\u0103 au obliga\u021bia ca, \u00een mod continuu \u0219i pe parcursul \u00eentregii perioade de activitate profesional\u0103, s\u0103 urmeze forme de educa\u021bie medical\u0103 continu\u0103 \u0219i s\u0103 cumuleze num\u0103rul minim de credite stabilit de Consiliul na\u021bional al Colegiului Medicilor Denti\u0219ti din Rom\u00e2nia.Punctajul profesional minim pe care trebuie s\u0103 \u00eel realizeze fiecare medic dentist este de 200 de credite de EMC pe parcursul a 5 ani, cu un minimum de 20 de credite \/an pana in anul final de ciclu EMC.Prin excep\u021bie, pentru medicii denti\u0219ti care au \u00eemplinit v\u00e2rsta legal\u0103 de pensionare prev\u0103zut\u0103 de lege, procedura evalu\u0103rii se face anual, \u00een baza cererii de prelungire a activit\u0103\u021bii, punctajul profesional fiind de minimum 40 de credite de EMC realizate anual.Nerealizarea num\u0103rului minim de credite de educa\u021bie medical\u0103 continu\u0103 implic\u0103, conform legii, suspendarea [&hellip;]<\/p>\n","protected":false},"author":1,"featured_media":0,"parent":17,"menu_order":0,"comment_status":"closed","ping_status":"closed","template":"","meta":{"_et_pb_use_builder":"on","_et_pb_old_content":"<!-- wp:divi\/placeholder \/-->","_et_gb_content_width":"","footnotes":""},"class_list":["post-24","page","type-page","status-publish","hentry"],"_links":{"self":[{"href":"https:\/\/cmsbh.ro\/index.php\/wp-json\/wp\/v2\/pages\/24","targetHints":{"allow":["GET"]}}],"collection":[{"href":"https:\/\/cmsbh.ro\/index.php\/wp-json\/wp\/v2\/pages"}],"about":[{"href":"https:\/\/cmsbh.ro\/index.php\/wp-json\/wp\/v2\/types\/page"}],"author":[{"embeddable":true,"href":"https:\/\/cmsbh.ro\/index.php\/wp-json\/wp\/v2\/users\/1"}],"replies":[{"embeddable":true,"href":"https:\/\/cmsbh.ro\/index.php\/wp-json\/wp\/v2\/comments?post=24"}],"version-history":[{"count":3,"href":"https:\/\/cmsbh.ro\/index.php\/wp-json\/wp\/v2\/pages\/24\/revisions"}],"predecessor-version":[{"id":245,"href":"https:\/\/cmsbh.ro\/index.php\/wp-json\/wp\/v2\/pages\/24\/revisions\/245"}],"up":[{"embeddable":true,"href":"https:\/\/cmsbh.ro\/index.php\/wp-json\/wp\/v2\/pages\/17"}],"wp:attachment":[{"href":"https:\/\/cmsbh.ro\/index.php\/wp-json\/wp\/v2\/media?parent=24"}],"curies":[{"name":"wp","href":"https:\/\/api.w.org\/{rel}","templated":true}]}}