{"id":18,"date":"2024-10-04T09:44:24","date_gmt":"2024-10-04T09:44:24","guid":{"rendered":"https:\/\/cmsbh.ro\/?page_id=18"},"modified":"2024-10-06T09:40:40","modified_gmt":"2024-10-06T09:40:40","slug":"avizarea-practicii-medicilor-stomatologi","status":"publish","type":"page","link":"https:\/\/cmsbh.ro\/index.php\/pentru-colegi\/avizarea-practicii-medicilor-stomatologi\/","title":{"rendered":"Avizarea practicii medicilor stomatologi"},"content":{"rendered":"<p>[et_pb_section fb_built=&#8221;1&#8243; custom_padding_last_edited=&#8221;on|phone&#8221; _builder_version=&#8221;4.27.2&#8243; _module_preset=&#8221;default&#8221; background_color=&#8221;gcid-primary-color&#8221; custom_padding=&#8221;70px|20px|70px|20px|false|false&#8221; custom_padding_tablet=&#8221;40px||40px||false|false&#8221; custom_padding_phone=&#8221;40px||40px||false|false&#8221; locked=&#8221;off&#8221; global_colors_info=&#8221;{%22gcid-primary-color%22:%91%22background_color%22%93}&#8221;][et_pb_row _builder_version=&#8221;4.27.2&#8243; _module_preset=&#8221;default&#8221; width=&#8221;100%&#8221; max_width=&#8221;1140px&#8221; custom_margin=&#8221;||||false|false&#8221; custom_padding=&#8221;0px|0px|0px||false|false&#8221; global_colors_info=&#8221;{}&#8221;][et_pb_column type=&#8221;4_4&#8243; _builder_version=&#8221;4.27.2&#8243; _module_preset=&#8221;default&#8221; global_colors_info=&#8221;{}&#8221;][et_pb_blurb title=&#8221;@ET-DC@eyJkeW5hbWljIjp0cnVlLCJjb250ZW50IjoicG9zdF90aXRsZSIsInNldHRpbmdzIjp7ImJlZm9yZSI6IiIsImFmdGVyIjoiIn19@&#8221; content_max_width=&#8221;100%&#8221; _builder_version=&#8221;4.27.2&#8243; _dynamic_attributes=&#8221;title&#8221; _module_preset=&#8221;default&#8221; header_font=&#8221;Barlow||||||||&#8221; header_text_align=&#8221;left&#8221; header_text_color=&#8221;#FFFFFF&#8221; header_font_size=&#8221;56px&#8221; header_line_height=&#8221;68px&#8221; body_text_color=&#8221;#f9f8f7&#8243; body_font_size=&#8221;18px&#8221; width=&#8221;100%&#8221; width_tablet=&#8221;100%&#8221; width_phone=&#8221;100%&#8221; width_last_edited=&#8221;on|desktop&#8221; module_alignment=&#8221;left&#8221; custom_margin=&#8221;|0px|||false|false&#8221; custom_margin_tablet=&#8221;||||false|false&#8221; custom_margin_phone=&#8221;||||false|false&#8221; custom_margin_last_edited=&#8221;on|desktop&#8221; custom_padding=&#8221;|0px||0px|false|false&#8221; header_font_size_tablet=&#8221;30px&#8221; header_font_size_phone=&#8221;25px&#8221; header_font_size_last_edited=&#8221;on|phone&#8221; header_line_height_tablet=&#8221;34px&#8221; header_line_height_phone=&#8221;33.6px&#8221; header_line_height_last_edited=&#8221;on|desktop&#8221; global_colors_info=&#8221;{}&#8221;][\/et_pb_blurb][\/et_pb_column][\/et_pb_row][\/et_pb_section][et_pb_section fb_built=&#8221;1&#8243; custom_padding_last_edited=&#8221;on|tablet&#8221; _builder_version=&#8221;4.27.2&#8243; _module_preset=&#8221;default&#8221; custom_padding=&#8221;70px|20px|70px|20px|false|false&#8221; custom_padding_tablet=&#8221;20px||20px||false|false&#8221; custom_padding_phone=&#8221;20px||20px||false|false&#8221; global_colors_info=&#8221;{}&#8221;][et_pb_row column_structure=&#8221;2_3,1_3&#8243; use_custom_gutter=&#8221;on&#8221; gutter_width=&#8221;1&#8243; _builder_version=&#8221;4.27.2&#8243; _module_preset=&#8221;default&#8221; width=&#8221;100%&#8221; width_tablet=&#8221;100%&#8221; width_phone=&#8221;100%&#8221; width_last_edited=&#8221;on|phone&#8221; max_width=&#8221;1140px&#8221; custom_padding=&#8221;0px||0px||false|false&#8221; hover_enabled=&#8221;0&#8243; global_colors_info=&#8221;{}&#8221; sticky_enabled=&#8221;0&#8243;][et_pb_column type=&#8221;2_3&#8243; _builder_version=&#8221;4.27.2&#8243; _module_preset=&#8221;default&#8221; custom_padding=&#8221;|20px|||false|false&#8221; hover_enabled=&#8221;0&#8243; global_colors_info=&#8221;{}&#8221; custom_padding_last_edited=&#8221;on|tablet&#8221; custom_padding_tablet=&#8221;|0px|30px||false|false&#8221; sticky_enabled=&#8221;0&#8243; custom_padding_phone=&#8221;|0px|30px||false|false&#8221;][et_pb_text _builder_version=&#8221;4.27.2&#8243; _module_preset=&#8221;default&#8221; text_font=&#8221;&#8211;et_global_body_font||||||||&#8221; text_text_color=&#8221;#595959&#8243; text_font_size=&#8221;16px&#8221; text_line_height=&#8221;26px&#8221; header_3_line_height=&#8221;1.6em&#8221; global_colors_info=&#8221;{}&#8221;]<\/p>\n<p><span>Pentru a practica profesia de medic stomatolog pe teritoriul Rom\u00e2niei, medicii stomatologi cet\u0103\u021beni rom\u00e2ni \u0219i medicii denti\u0219ti cet\u0103\u021beni ai unui stat membru al Uniunii Europene, ai unui stat apar\u021bin\u00e2nd Spa\u021biului Economic European sau ai Confedera\u021biei Elve\u021biene stabili\u021bi \u00een Rom\u00e2nia, au obliga\u021bia de a se \u00eenscrie \u00een Colegiul Medicilor Stomatologi din Rom\u00e2nia.<\/span><\/p>\n<p><span><\/span><\/p>\n<h3 class=\"sppb-addon-title\">1. La \u00eenscrierea \u00een colegiu, sunt necesare urm\u0103toarele documente:<\/h3>\n<h3>A. Pentru cet\u0103\u021benii rom\u00e2ni:<\/h3>\n<ul>\n<li><span style=\"text-decoration: underline;\"><strong>Cerere de \u00eenscriere \u00een colegiu<\/strong><\/span><\/li>\n<li><span style=\"text-decoration: underline;\"><strong>Cerere de avizare a certificatului de membru<\/strong><\/span><\/li>\n<li><span style=\"text-decoration: underline;\"><strong>Declara\u021bie pe proprie r\u0103spundere<\/strong><\/span><\/li>\n<li>Diploma de licen\u021b\u0103 sau adeverin\u021b\u0103 &#8211; original \u0219i copie legalizat\u0103<\/li>\n<li>Suplimentul de la diplom\u0103 (doar originalul)<\/li>\n<li>Carte de identitate: copie<\/li>\n<li>Certificat de c\u0103s\u0103torie (unde este cazul): copie<\/li>\n<li>Certificat de cazier judiciar<\/li>\n<li><span style=\"text-decoration: underline;\"><strong>Certificat de s\u0103n\u0103tate tip A5<\/strong><\/span>, necesar \u00eenscrierii \u00een Colegiul Medicilor Stomatologi (Decizia nr.24\/2CN\/2019, art.3, alin F &#8211; certificat de s\u0103n\u0103tate tip A5, care s\u0103 ateste starea de s\u0103n\u0103tate corespunz\u0103toare exercit\u0103rii profesiei de medic stomatolog, vizat \u00eenclusiv de medicul psihiatru, nu este necesar s\u0103 face\u021bi tot setul de analize ca pentru \u0219coala de \u0219oferi.<\/li>\n<li>Asigurare de r\u0103spundere civil\u0103 (malpraxis): copie<\/li>\n<li>Taxa de \u00eenscriere \u0219i plata cotiza\u021biei lunare \u00een avans pentru 3 luni<\/li>\n<li>Taxa pentru certificatul de membru<\/li>\n<li>Dac\u0103 ave\u021bi deja asigurat un loc de munc\u0103 sau dac\u0103 ave\u021bi \u00een vedere angajarea la un medic: adeverin\u021b\u0103 de la medicul angajator<\/li>\n<li>2 poze tip buletin<\/li>\n<li><strong>Taxa de \u00eenscriere se pl\u0103te\u0219te numai \u00een momentul depunerii dosarului.<\/strong><\/li>\n<\/ul>\n<h3>B. Pentru cet\u0103\u021benii str\u0103ini:<\/h3>\n<p>Solicitarea exercit\u0103rii profesiei de medic dentist pe teritoriul Rom\u00e2niei din partea cet\u0103\u021benilor str\u0103ini men\u021biona\u021bi mai sus se solu\u021bioneaz\u0103 de c\u0103tre Ministerul S\u0103n\u0103t\u0103\u021bii \u00een colaborare cu CMSR, \u00een termen de 3 luni de la depunerea dosarului care va cuprinde:<\/p>\n<ul>\n<li><span style=\"text-decoration: underline;\"><strong>Cerere\u00a0de liber\u0103 practic\u0103 pentru cet\u0103\u021beni str\u0103ini<\/strong><\/span><a href=\"https:\/\/cmdbh.ro\/images\/files\/F3.eliberare_certif_membr_cetateni_straini.doc\"><br \/><\/a><\/li>\n<li>Documentul de cet\u0103\u021benie (B.I, C.I., Pa\u0219aport, Permis se \u0219edere): copie<\/li>\n<li>Documentele care atest\u0103 formarea \u00een profesie: copie<\/li>\n<li>Certificatul emis de autorit\u0103\u021bile competente ale statului membru de origine sau de provenien\u021b\u0103, prin care se atest\u0103 c\u0103 titlurile oficiale de calificare sunt cele prev\u0103zute de Directiva 2005\/36CE<\/li>\n<li>Certificatul de s\u0103n\u0103tate fizic\u0103 \u0219i psihic\u0103 emis de statul membru de origine sau de provenien\u021b\u0103<\/li>\n<li>Dovada emis\u0103 de statul membru de origine sau de provenien\u021b\u0103, prin care se atest\u0103 onorabilitatea \u0219i moralitatea posesorului<\/li>\n<li>Dovada de asigurare privind r\u0103spunderea civil\u0103 pentru gre\u0219eli \u00een activitatea profesional\u0103, emis\u0103 de unul din statele membre men\u021bionate mai sus<\/li>\n<li>Certificat de c\u0103s\u0103torie (pentru colege): copie<\/li>\n<li>Cazier judiciar<\/li>\n<li>Titluri oficiale de calificare profesional\u0103<\/li>\n<li>Fotografie tip pa\u0219aport<\/li>\n<\/ul>\n<h3 class=\"sppb-addon-title\">2. Suspendarea calit\u0103\u021bii de membru CMDR<\/h3>\n<div class=\"sppb-addon-content\">\n<p>La cerere, membrii Colegiului Medicilor Denti\u015fti din Rom\u00e2nia care din motive obiective \u00eentrerup pe o durat\u0103 de p\u00e2n\u0103 la 5 ani exercitarea profesiei de medic dentist pot solicita suspendarea calit\u0103\u0163ii de membru pe acea durat\u0103.<br \/>Pe durata suspend\u0103rii la cerere a calit\u0103\u0163ii de membru al Colegiului Medicilor Denti\u015fti din Rom\u00e2nia se suspend\u0103 obliga\u0163iile \u015fi drepturile ce decurg din lege \u015fi din Regulamentul de organizare \u0219i func\u021bionare.<br \/>Medicii denti\u015fti care au \u00eentrerupt exercitarea profesiei de medic pentru o perioad\u0103 consecutiv\u0103 mai mare de 5 ani pierd de drept calitatea de membru al Colegiului Medicilor Denti\u015fti din Rom\u00e2nia \u015fi dreptul de a exercita profesia de medic dentist.<\/p>\n<p>Pentru suspendare trebuie sa depuneti o<span>\u00a0<\/span><span style=\"text-decoration: underline;\"><strong>cerere suspendare tip<\/strong><\/span>\u00a0impreuna cu urmatoarele documente, la secretariatul CMD Bihor.<\/p>\n<\/div>\n<div class=\"sppb-addon-content\">\n<h3><\/h3>\n<\/div>\n<div class=\"sppb-addon-content\">\n<h3 class=\"sppb-addon-title\">3. Redob\u00e2ndirea calit\u0103\u021bii de membru CMDR<\/h3>\n<div class=\"sppb-addon-content\">\u00cen vederea redob\u00e2ndirii calit\u0103\u0163ii de Membru al Colegiului Medicilor Denti\u015fti din Rom\u00e2nia \u015fi a dreptului de liber\u0103 practic\u0103 medicii denti\u015fti sunt obliga\u0163i s\u0103 urmeze un program de preg\u0103tire profesional\u0103 sub forma unui stagiu practic cu durata de 6 luni.<br \/>\u00cen cazul \u00eentreruperii exercit\u0103rii profesiei de medic pe o perioad\u0103 mai mare de 10 ani, durata stagiilor va fi de dou\u0103 ori mai mare.<br \/>La finalizarea programului de preg\u0103tire profesional\u0103 medicul va sus\u0163ine un examen privind reatestarea profesional\u0103 \u015fi redob\u00e2ndirea calit\u0103\u0163ii de membru a Colegiului Medicilor Denti\u015fti din Rom\u00e2nia. \u00censcrierea la examen se va face \u00een baza dovezii privind efectuarea stagiului de preg\u0103tire profesional\u0103 \u015fi realizarea \u00een anul respectiv a unui num\u0103r de credite de educa\u0163ie medical\u0103 continu\u0103 stabilit de Consiliul National.<br \/>Stagiile practice de preg\u0103tire profesional\u0103 se vor desf\u0103\u015fura \u00een cabinetele medicilor denti\u015fti care au o vechime ne\u00eentrerupt\u0103 \u00een profesie mai mare de 8 ani sau gradul de medic primar sau specialist \u00een specialitatea respectiv\u0103.<br \/>La finalul perioadei de pregatire medicul cursant va primi de la medicul coordonator o atestare privind parcurgerea perioadei de preg\u0103tire profesional\u0103\u00a0\u015fi propunerea de reacordare a dreptului de liber\u0103 practic\u0103.<br \/><span style=\"text-decoration: underline;\"><strong>Cerere de reluarea a activitatii<\/strong><\/span><br \/>Examenul se va sus\u0163ine \u00een fa\u0163a unei comisii format\u0103 din medicii cu un grad profesional cel pu\u0163in egal cu cel al medicului ce dore\u015fte reatestarea profesional\u0103 \u015fi redob\u00e2ndirea calit\u0103\u0163ii de membru al Colegiului Medicilor Denti\u015fti din Rom\u00e2nia. Comisia se aprob\u0103 de consiliul colegiului respectiv la propunerea Biroului Executiv Judetean. Examenul se va desf\u0103\u015fura sub form\u0103 de testare oral\u0103 \u015fi practic\u0103. Calificativele acordate de c\u0103tre comisia de examen vor fi &#8220;admis&#8221; sau &#8220;respins&#8221;.<br \/>Medicul coordonator va beneficia de acordarea unui num\u0103r de 40 de credite de EMC pentru fiecare persoan\u0103 \u00eendrumat\u0103. Un coordonator poate preg\u0103ti cel mult 2 medici pe an.<br \/>Nu se consider\u0103 \u00eentrerupere a exercit\u0103rii profesiei perioada \u00een care medicul urmeaz\u0103 forme de \u00eenv\u0103\u0163\u0103m\u00e2nt medical de specialitate ori perfec\u0163ionare profesional\u0103 sau cercetare \u00een domeniu.<\/div>\n<\/div>\n<p>[\/et_pb_text][\/et_pb_column][et_pb_column type=&#8221;1_3&#8243; _builder_version=&#8221;4.27.2&#8243; _module_preset=&#8221;default&#8221; background_color=&#8221;#f3f8fe&#8221; custom_padding=&#8221;30px|30px|30px|30px|false|false&#8221; hover_enabled=&#8221;0&#8243; global_colors_info=&#8221;{}&#8221; custom_padding_last_edited=&#8221;on|phone&#8221; custom_padding_tablet=&#8221;20px|20px|20px|20px|false|false&#8221; sticky_enabled=&#8221;0&#8243; custom_padding_phone=&#8221;15px|15px|15px|15px|false|false&#8221;][et_pb_heading title=&#8221;Documente<br \/>\n&#8221; _builder_version=&#8221;4.27.2&#8243; _module_preset=&#8221;default&#8221; title_font=&#8221;Barlow||||||||&#8221; title_text_align=&#8221;left&#8221; title_font_size=&#8221;44px&#8221; title_line_height=&#8221;56px&#8221; custom_margin=&#8221;||11px|||&#8221; custom_padding=&#8221;|0px|||false|false&#8221; custom_padding_tablet=&#8221;|100px|||false|false&#8221; custom_padding_phone=&#8221;|100px|||false|false&#8221; custom_padding_last_edited=&#8221;on|desktop&#8221; hover_enabled=&#8221;0&#8243; title_font_size_tablet=&#8221;30px&#8221; title_font_size_phone=&#8221;30px&#8221; title_font_size_last_edited=&#8221;on|phone&#8221; locked=&#8221;off&#8221; global_colors_info=&#8221;{}&#8221; sticky_enabled=&#8221;0&#8243;][\/et_pb_heading][et_pb_button button_url=&#8221;https:\/\/cmsbh.ro\/wp-content\/uploads\/2024\/10\/cerere-inscriere-si-elib-certif-de-membru.pdf&#8221; button_text=&#8221;Cerere de \u00eenscriere \u00een colegiu&#8221; button_alignment=&#8221;left&#8221; _builder_version=&#8221;4.27.2&#8243; _module_preset=&#8221;default&#8221; custom_button=&#8221;on&#8221; button_text_size=&#8221;14px&#8221; button_text_color=&#8221;gcid-primary-color&#8221; button_bg_color=&#8221;#FFFFFF&#8221; button_border_width=&#8221;1px&#8221; button_border_color=&#8221;#f7f7f7&#8243; button_font=&#8221;&#8211;et_global_body_font||||||||&#8221; button_use_icon=&#8221;off&#8221; custom_margin=&#8221;||12px||false|false&#8221; custom_padding=&#8221;10px|20px|10px|20px|false|false&#8221; global_colors_info=&#8221;{%22gcid-primary-color%22:%91%22button_text_color%22%93}&#8221;][\/et_pb_button][et_pb_button button_url=&#8221;https:\/\/cmsbh.ro\/wp-content\/uploads\/2024\/10\/cerere-avizare-certificat.pdf&#8221; button_text=&#8221;Cerere avizare certificat&#8221; button_alignment=&#8221;left&#8221; _builder_version=&#8221;4.27.2&#8243; _module_preset=&#8221;default&#8221; custom_button=&#8221;on&#8221; button_text_size=&#8221;14px&#8221; button_text_color=&#8221;gcid-primary-color&#8221; button_bg_color=&#8221;#FFFFFF&#8221; button_border_width=&#8221;1px&#8221; button_border_color=&#8221;#f7f7f7&#8243; button_font=&#8221;&#8211;et_global_body_font||||||||&#8221; button_use_icon=&#8221;off&#8221; custom_margin=&#8221;||12px||false|false&#8221; custom_padding=&#8221;10px|20px|10px|20px|false|false&#8221; global_colors_info=&#8221;{%22gcid-primary-color%22:%91%22button_text_color%22%93}&#8221;][\/et_pb_button][et_pb_button button_url=&#8221;https:\/\/cmsbh.ro\/wp-content\/uploads\/2024\/10\/declaratie-proprie-raspundere.pdf&#8221; button_text=&#8221;Declaratie pe proprie raspundere&#8221; button_alignment=&#8221;left&#8221; _builder_version=&#8221;4.27.2&#8243; _module_preset=&#8221;default&#8221; custom_button=&#8221;on&#8221; button_text_size=&#8221;14px&#8221; button_text_color=&#8221;gcid-primary-color&#8221; button_bg_color=&#8221;#FFFFFF&#8221; button_border_width=&#8221;1px&#8221; button_border_color=&#8221;#f7f7f7&#8243; button_font=&#8221;&#8211;et_global_body_font||||||||&#8221; button_use_icon=&#8221;off&#8221; custom_margin=&#8221;||12px||false|false&#8221; custom_padding=&#8221;10px|20px|10px|20px|false|false&#8221; global_colors_info=&#8221;{%22gcid-primary-color%22:%91%22button_text_color%22%93}&#8221;][\/et_pb_button][et_pb_button button_url=&#8221;https:\/\/cmsbh.ro\/wp-content\/uploads\/2024\/10\/certificat-medical-a5.pdf&#8221; button_text=&#8221;Certificat de s\u0103n\u0103tate tip A5&#8243; button_alignment=&#8221;left&#8221; _builder_version=&#8221;4.27.2&#8243; _module_preset=&#8221;default&#8221; custom_button=&#8221;on&#8221; button_text_size=&#8221;14px&#8221; button_text_color=&#8221;gcid-primary-color&#8221; button_bg_color=&#8221;#FFFFFF&#8221; button_border_width=&#8221;1px&#8221; button_border_color=&#8221;#f7f7f7&#8243; button_font=&#8221;&#8211;et_global_body_font||||||||&#8221; button_use_icon=&#8221;off&#8221; custom_margin=&#8221;||12px||false|false&#8221; custom_padding=&#8221;10px|20px|10px|20px|false|false&#8221; global_colors_info=&#8221;{%22gcid-primary-color%22:%91%22button_text_color%22%93}&#8221;][\/et_pb_button][et_pb_button button_url=&#8221;https:\/\/cmsbh.ro\/wp-content\/uploads\/2024\/10\/cerere-pentru-dreptul-de-libera-practica-cetateni-straini-.pdf&#8221; button_text=&#8221;Cerere de liber\u0103 practic\u0103 pentru cet\u0103\u021beni str\u0103ini&#8221; button_alignment=&#8221;left&#8221; _builder_version=&#8221;4.27.2&#8243; _module_preset=&#8221;default&#8221; custom_button=&#8221;on&#8221; button_text_size=&#8221;14px&#8221; button_text_color=&#8221;gcid-primary-color&#8221; button_bg_color=&#8221;#FFFFFF&#8221; button_border_width=&#8221;1px&#8221; button_border_color=&#8221;#f7f7f7&#8243; button_font=&#8221;&#8211;et_global_body_font||||||||&#8221; button_use_icon=&#8221;off&#8221; custom_margin=&#8221;||12px||false|false&#8221; custom_padding=&#8221;10px|20px|10px|20px|false|false&#8221; global_colors_info=&#8221;{%22gcid-primary-color%22:%91%22button_text_color%22%93}&#8221;][\/et_pb_button][et_pb_button button_url=&#8221;https:\/\/cmsbh.ro\/wp-content\/uploads\/2024\/10\/anexa-1-la-procedura-de-suspendare-a-calitii-de-membru-al-cmsr-dec-18-din-24-mai-24.docx&#8221; button_text=&#8221;Anexa 1 la procedura de suspendare&#8221; button_alignment=&#8221;left&#8221; _builder_version=&#8221;4.27.2&#8243; _module_preset=&#8221;default&#8221; custom_button=&#8221;on&#8221; button_text_size=&#8221;14px&#8221; button_text_color=&#8221;gcid-primary-color&#8221; button_bg_color=&#8221;#FFFFFF&#8221; button_border_width=&#8221;1px&#8221; button_border_color=&#8221;#f7f7f7&#8243; button_font=&#8221;&#8211;et_global_body_font||||||||&#8221; button_use_icon=&#8221;off&#8221; custom_margin=&#8221;||12px||false|false&#8221; custom_padding=&#8221;10px|20px|10px|20px|false|false&#8221; global_colors_info=&#8221;{%22gcid-primary-color%22:%91%22button_text_color%22%93}&#8221;][\/et_pb_button][et_pb_button button_url=&#8221;https:\/\/cmsbh.ro\/wp-content\/uploads\/2024\/10\/anexa-3-la-procedura-de-suspendare-cerere-18-din-24-mai-24.docx&#8221; button_text=&#8221;Anexa 3 la procedura de suspendare&#8221; button_alignment=&#8221;left&#8221; _builder_version=&#8221;4.27.2&#8243; _module_preset=&#8221;default&#8221; custom_button=&#8221;on&#8221; button_text_size=&#8221;14px&#8221; button_text_color=&#8221;gcid-primary-color&#8221; button_bg_color=&#8221;#FFFFFF&#8221; button_border_width=&#8221;1px&#8221; button_border_color=&#8221;#f7f7f7&#8243; button_font=&#8221;&#8211;et_global_body_font||||||||&#8221; button_use_icon=&#8221;off&#8221; custom_margin=&#8221;||12px||false|false&#8221; custom_padding=&#8221;10px|20px|10px|20px|false|false&#8221; global_colors_info=&#8221;{%22gcid-primary-color%22:%91%22button_text_color%22%93}&#8221;][\/et_pb_button][et_pb_button button_url=&#8221;https:\/\/cmsbh.ro\/wp-content\/uploads\/2024\/10\/anexa-2-de-reluare-a-calitii-de-membru-al-cmsr-dec-18-din-24-mai-24.docx&#8221; button_text=&#8221;Anexa 2 de reluare a calitii de membru&#8221; button_alignment=&#8221;left&#8221; _builder_version=&#8221;4.27.2&#8243; _module_preset=&#8221;default&#8221; custom_button=&#8221;on&#8221; button_text_size=&#8221;14px&#8221; button_text_color=&#8221;gcid-primary-color&#8221; button_bg_color=&#8221;#FFFFFF&#8221; button_border_width=&#8221;1px&#8221; button_border_color=&#8221;#f7f7f7&#8243; button_font=&#8221;&#8211;et_global_body_font||||||||&#8221; button_use_icon=&#8221;off&#8221; custom_margin=&#8221;||12px||false|false&#8221; custom_padding=&#8221;10px|20px|10px|20px|false|false&#8221; global_colors_info=&#8221;{%22gcid-primary-color%22:%91%22button_text_color%22%93}&#8221;][\/et_pb_button][et_pb_button button_url=&#8221;https:\/\/cmsbh.ro\/wp-content\/uploads\/2024\/10\/cerere-renuntare-la-calitatea-de-membru-dec-18-din-24-mai-24.docx&#8221; button_text=&#8221;Cerere renuntare la calitatea de membru (mai 2024)&#8221; button_alignment=&#8221;left&#8221; _builder_version=&#8221;4.27.2&#8243; _module_preset=&#8221;default&#8221; custom_button=&#8221;on&#8221; button_text_size=&#8221;14px&#8221; button_text_color=&#8221;gcid-primary-color&#8221; button_bg_color=&#8221;#FFFFFF&#8221; button_border_width=&#8221;1px&#8221; button_border_color=&#8221;#f7f7f7&#8243; button_font=&#8221;&#8211;et_global_body_font||||||||&#8221; button_use_icon=&#8221;off&#8221; custom_margin=&#8221;||12px||false|false&#8221; custom_padding=&#8221;10px|20px|10px|20px|false|false&#8221; global_colors_info=&#8221;{%22gcid-primary-color%22:%91%22button_text_color%22%93}&#8221;][\/et_pb_button][et_pb_button button_url=&#8221;https:\/\/cmsbh.ro\/wp-content\/uploads\/2024\/10\/anexa-1-la-procedura-de-transfer-cerere-de-eliberare-a-notei-de-transfer.docx&#8221; button_text=&#8221;Anexa 1 la procedura de transfer cerere de eliberare a notei de transfer&#8221; button_alignment=&#8221;left&#8221; _builder_version=&#8221;4.27.2&#8243; _module_preset=&#8221;default&#8221; custom_button=&#8221;on&#8221; button_text_size=&#8221;14px&#8221; button_text_color=&#8221;gcid-primary-color&#8221; button_bg_color=&#8221;#FFFFFF&#8221; button_border_width=&#8221;1px&#8221; button_border_color=&#8221;#f7f7f7&#8243; button_font=&#8221;&#8211;et_global_body_font||||||||&#8221; button_use_icon=&#8221;off&#8221; custom_margin=&#8221;||12px||false|false&#8221; custom_padding=&#8221;10px|20px|10px|20px|false|false&#8221; global_colors_info=&#8221;{%22gcid-primary-color%22:%91%22button_text_color%22%93}&#8221;][\/et_pb_button][\/et_pb_column][\/et_pb_row][\/et_pb_section]<\/p>\n","protected":false},"excerpt":{"rendered":"<p>Pentru a practica profesia de medic stomatolog pe teritoriul Rom\u00e2niei, medicii stomatologi cet\u0103\u021beni rom\u00e2ni \u0219i medicii denti\u0219ti cet\u0103\u021beni ai unui stat membru al Uniunii Europene, ai unui stat apar\u021bin\u00e2nd Spa\u021biului Economic European sau ai Confedera\u021biei Elve\u021biene stabili\u021bi \u00een Rom\u00e2nia, au obliga\u021bia de a se \u00eenscrie \u00een Colegiul Medicilor Stomatologi din Rom\u00e2nia. 1. La \u00eenscrierea \u00een colegiu, sunt necesare urm\u0103toarele documente: A. Pentru cet\u0103\u021benii rom\u00e2ni: Cerere de \u00eenscriere \u00een colegiu Cerere de avizare a certificatului de membru Declara\u021bie pe proprie r\u0103spundere Diploma de licen\u021b\u0103 sau adeverin\u021b\u0103 &#8211; original \u0219i copie legalizat\u0103 Suplimentul de la diplom\u0103 (doar originalul) Carte de identitate: copie Certificat de c\u0103s\u0103torie (unde este cazul): copie Certificat de cazier judiciar Certificat de s\u0103n\u0103tate tip A5, necesar \u00eenscrierii \u00een Colegiul Medicilor Stomatologi (Decizia nr.24\/2CN\/2019, art.3, alin F &#8211; certificat de s\u0103n\u0103tate tip A5, care s\u0103 ateste starea de s\u0103n\u0103tate corespunz\u0103toare exercit\u0103rii profesiei de medic stomatolog, vizat \u00eenclusiv de medicul psihiatru, nu este necesar s\u0103 face\u021bi tot setul de analize ca pentru \u0219coala de \u0219oferi. Asigurare de r\u0103spundere civil\u0103 (malpraxis): copie Taxa de \u00eenscriere \u0219i plata cotiza\u021biei lunare \u00een avans pentru 3 luni Taxa pentru certificatul de membru Dac\u0103 ave\u021bi deja asigurat un loc de munc\u0103 sau dac\u0103 ave\u021bi \u00een vedere [&hellip;]<\/p>\n","protected":false},"author":1,"featured_media":0,"parent":17,"menu_order":0,"comment_status":"closed","ping_status":"closed","template":"","meta":{"_et_pb_use_builder":"on","_et_pb_old_content":"<!-- wp:divi\/placeholder \/-->","_et_gb_content_width":"","footnotes":""},"class_list":["post-18","page","type-page","status-publish","hentry"],"_links":{"self":[{"href":"https:\/\/cmsbh.ro\/index.php\/wp-json\/wp\/v2\/pages\/18","targetHints":{"allow":["GET"]}}],"collection":[{"href":"https:\/\/cmsbh.ro\/index.php\/wp-json\/wp\/v2\/pages"}],"about":[{"href":"https:\/\/cmsbh.ro\/index.php\/wp-json\/wp\/v2\/types\/page"}],"author":[{"embeddable":true,"href":"https:\/\/cmsbh.ro\/index.php\/wp-json\/wp\/v2\/users\/1"}],"replies":[{"embeddable":true,"href":"https:\/\/cmsbh.ro\/index.php\/wp-json\/wp\/v2\/comments?post=18"}],"version-history":[{"count":5,"href":"https:\/\/cmsbh.ro\/index.php\/wp-json\/wp\/v2\/pages\/18\/revisions"}],"predecessor-version":[{"id":228,"href":"https:\/\/cmsbh.ro\/index.php\/wp-json\/wp\/v2\/pages\/18\/revisions\/228"}],"up":[{"embeddable":true,"href":"https:\/\/cmsbh.ro\/index.php\/wp-json\/wp\/v2\/pages\/17"}],"wp:attachment":[{"href":"https:\/\/cmsbh.ro\/index.php\/wp-json\/wp\/v2\/media?parent=18"}],"curies":[{"name":"wp","href":"https:\/\/api.w.org\/{rel}","templated":true}]}}